{"id":968,"date":"2021-09-15T14:20:04","date_gmt":"2021-09-15T12:20:04","guid":{"rendered":"https:\/\/capeco-recycling.com\/join-us\/"},"modified":"2023-09-13T17:03:24","modified_gmt":"2023-09-13T15:03:24","slug":"join-us","status":"publish","type":"page","link":"https:\/\/capeco-recycling.com\/en\/join-us\/","title":{"rendered":"Join us"},"content":{"rendered":"<p>[et_pb_section fb_built=&#8221;1&#8243; custom_padding_last_edited=&#8221;on|tablet&#8221; disabled_on=&#8221;off|off|off&#8221; admin_label=&#8221;Header Section&#8221; module_id=&#8221;presentation&#8221; _builder_version=&#8221;4.10.8&#8243; use_background_color_gradient=&#8221;on&#8221; background_color_gradient_start=&#8221;rgba(20,61,88,0.65)&#8221; background_color_gradient_end=&#8221;gcid-c2e2dee7-b8e8-4c04-af6b-387859c2f3f2&#8243; background_color_gradient_overlays_image=&#8221;on&#8221; background_image=&#8221;http:\/\/preprod.capeco-recycling.com\/wp-content\/uploads\/2021\/09\/font-1.jpg&#8221; custom_margin=&#8221;|||&#8221; custom_padding=&#8221;100px||100px||true|false&#8221; custom_padding_tablet=&#8221;||||false|false&#8221; custom_padding_phone=&#8221;||||false|false&#8221; top_divider_height=&#8221;102px&#8221; bottom_divider_style=&#8221;arrow3&#8243; bottom_divider_color=&#8221;gcid-c2e2dee7-b8e8-4c04-af6b-387859c2f3f2&#8243; bottom_divider_height=&#8221;64px&#8221; bottom_divider_height_tablet=&#8221;30px&#8221; bottom_divider_height_phone=&#8221;&#8221; bottom_divider_height_last_edited=&#8221;on|tablet&#8221; animation_style=&#8221;slide&#8221; animation_direction=&#8221;top&#8221; animation_intensity_slide=&#8221;4%&#8221; animation_starting_opacity=&#8221;100%&#8221; locked=&#8221;off&#8221; global_colors_info=&#8221;{%22gcid-c2e2dee7-b8e8-4c04-af6b-387859c2f3f2%22:%91%22bottom_divider_color%22%93}&#8221;][et_pb_row _builder_version=&#8221;4.9.7&#8243; _module_preset=&#8221;default&#8221; min_height=&#8221;85px&#8221; custom_margin=&#8221;||||false|false&#8221; custom_padding=&#8221;||||false|false&#8221; global_colors_info=&#8221;{}&#8221;][et_pb_column type=&#8221;4_4&#8243; _builder_version=&#8221;4.6.3&#8243; _module_preset=&#8221;default&#8221; global_colors_info=&#8221;{}&#8221;][et_pb_text _builder_version=&#8221;4.10.8&#8243; _dynamic_attributes=&#8221;content&#8221; _module_preset=&#8221;default&#8221; header_font=&#8221;|700||on|||||&#8221; header_text_align=&#8221;center&#8221; header_text_color=&#8221;#FFFFFF&#8221; header_2_text_align=&#8221;center&#8221; header_2_text_color=&#8221;#FFFFFF&#8221; header_2_text_shadow_style=&#8221;preset1&#8243; global_colors_info=&#8221;{}&#8221;]@ET-DC@eyJkeW5hbWljIjp0cnVlLCJjb250ZW50IjoicG9zdF90aXRsZSIsInNldHRpbmdzIjp7ImJlZm9yZSI6IjxoMT4iLCJhZnRlciI6IjxcL2gxPiJ9fQ==@[\/et_pb_text][\/et_pb_column][\/et_pb_row][\/et_pb_section][et_pb_section fb_built=&#8221;1&#8243; disabled_on=&#8221;off|off|off&#8221; admin_label=&#8221;Stats&#8221; module_id=&#8221;part-contact&#8221; _builder_version=&#8221;4.10.8&#8243; background_color=&#8221;gcid-c2e2dee7-b8e8-4c04-af6b-387859c2f3f2&#8243; background_enable_image=&#8221;off&#8221; custom_margin=&#8221;|||&#8221; custom_padding=&#8221;||||false|false&#8221; bottom_divider_style=&#8221;mountains2&#8243; bottom_divider_color=&#8221;gcid-c2e2dee7-b8e8-4c04-af6b-387859c2f3f2&#8243; bottom_divider_height=&#8221;12vw&#8221; animation_style=&#8221;fade&#8221; locked=&#8221;off&#8221; global_colors_info=&#8221;{%22gcid-c2e2dee7-b8e8-4c04-af6b-387859c2f3f2%22:%91%22bottom_divider_color%22%93}&#8221;][et_pb_row make_equal=&#8221;on&#8221; _builder_version=&#8221;4.9.7&#8243; width=&#8221;600px&#8221; custom_padding=&#8221;0px||||false|false&#8221; global_colors_info=&#8221;{}&#8221;][et_pb_column type=&#8221;4_4&#8243; _builder_version=&#8221;3.25&#8243; custom_padding=&#8221;|||&#8221; global_colors_info=&#8221;{}&#8221; custom_padding__hover=&#8221;|||&#8221;][dsm_contact_form_7 cf7_library=&#8221;422&#8243; _builder_version=&#8221;4.10.8&#8243; _module_preset=&#8221;default&#8221; input_textarea_select_text_color=&#8221;#000000&#8243; error_msg_text_color=&#8221;#FFFFFF&#8221; error_validation_text_color=&#8221;#FFFFFF&#8221; success_validation_text_color=&#8221;#FFFFFF&#8221; custom_button_one=&#8221;on&#8221; button_one_text_color=&#8221;#FFFFFF&#8221; button_one_bg_color=&#8221;gcid-db8759ed-cc93-4f61-be11-03d647f81269&#8243; button_one_border_width=&#8221;0px&#8221; button_one_border_radius=&#8221;10px&#8221; button_one_use_icon=&#8221;off&#8221; border_radii_image=&#8221;on|10px|10px|10px|10px&#8221; global_colors_info=&#8221;{%22gcid-db8759ed-cc93-4f61-be11-03d647f81269%22:%91%22button_one_bg_color%22%93}&#8221; button_one_bg_color__hover_enabled=&#8221;on|hover&#8221; button_one_bg_color__hover=&#8221;rgba(0,164,69,0.8)&#8221; button_one_bg_enable_color__hover=&#8221;on&#8221;][\/dsm_contact_form_7][\/et_pb_column][\/et_pb_row][\/et_pb_section]<\/p>\n","protected":false},"excerpt":{"rendered":"<div class=\"et_pb_module dsm_contact_form_7 dsm_contact_form_7_0\">\n\t\t\t\t\n\t\t\t\t\n\t\t\t\t\n\t\t\t\t\n\t\t\t\t\n\t\t\t\t\n\t\t\t\t<div class=\"et_pb_module_inner\">\n\t\t\t\t\t<div class=\"\">\n\t\t\t\t\n<div class=\"wpcf7 no-js\" id=\"wpcf7-f973-o1\" lang=\"en-US\" dir=\"ltr\" data-wpcf7-id=\"973\">\n<div class=\"screen-reader-response\"><p role=\"status\" aria-live=\"polite\" aria-atomic=\"true\"><\/p> <ul><\/ul><\/div>\n<form action=\"\/en\/wp-json\/wp\/v2\/pages\/968#wpcf7-f973-o1\" method=\"post\" class=\"wpcf7-form init\" aria-label=\"Contact form\" enctype=\"multipart\/form-data\" novalidate=\"novalidate\" data-status=\"init\">\n<fieldset class=\"hidden-fields-container\"><input type=\"hidden\" name=\"_wpcf7\" value=\"973\" \/><input type=\"hidden\" name=\"_wpcf7_version\" value=\"6.1.5\" \/><input type=\"hidden\" name=\"_wpcf7_locale\" value=\"en_US\" \/><input type=\"hidden\" name=\"_wpcf7_unit_tag\" value=\"wpcf7-f973-o1\" \/><input type=\"hidden\" name=\"_wpcf7_container_post\" value=\"0\" \/><input type=\"hidden\" name=\"_wpcf7_posted_data_hash\" value=\"\" \/><input type=\"hidden\" name=\"_wpcf7_recaptcha_response\" value=\"\" \/>\n<\/fieldset>\n<p>Last name*<span class=\"wpcf7-form-control-wrap\" data-name=\"nom\"><input size=\"40\" maxlength=\"400\" class=\"wpcf7-form-control wpcf7-text wpcf7-validates-as-required\" aria-required=\"true\" aria-invalid=\"false\" placeholder=\"\" value=\"\" type=\"text\" name=\"nom\" \/><\/span>\n<\/p>\n<p>First name*<span class=\"wpcf7-form-control-wrap\" data-name=\"prenom\"><input size=\"40\" maxlength=\"400\" class=\"wpcf7-form-control wpcf7-text wpcf7-validates-as-required\" aria-required=\"true\" aria-invalid=\"false\" placeholder=\"\" value=\"\" type=\"text\" name=\"prenom\" \/><\/span>\n<\/p>\n<p>Email address*<span class=\"wpcf7-form-control-wrap\" data-name=\"your-email\"><input size=\"40\" maxlength=\"400\" class=\"wpcf7-form-control wpcf7-email wpcf7-validates-as-required wpcf7-text wpcf7-validates-as-email\" aria-required=\"true\" aria-invalid=\"false\" value=\"\" type=\"email\" name=\"your-email\" \/><\/span>\n<\/p>\n<p>Phone* [phone* tel]\n<\/p>\n<p>Download a file* (max 3 Mo)<span class=\"wpcf7-form-control-wrap\" data-name=\"fichier\"><input size=\"40\" class=\"wpcf7-form-control wpcf7-file wpcf7-validates-as-required\" accept=\"audio\/*,video\/*,image\/*\" aria-required=\"true\" aria-invalid=\"false\" type=\"file\" name=\"fichier\" \/><\/span>\n<\/p>\n<p>Message* <span class=\"wpcf7-form-control-wrap\" data-name=\"message\"><textarea cols=\"40\" rows=\"10\" maxlength=\"2000\" class=\"wpcf7-form-control wpcf7-textarea wpcf7-validates-as-required\" aria-required=\"true\" aria-invalid=\"false\" name=\"message\"><\/textarea><\/span>\n<\/p>\n<p><span class=\"wpcf7-form-control-wrap\" data-name=\"CGV\"><span class=\"wpcf7-form-control wpcf7-acceptance\"><span class=\"wpcf7-list-item\"><input type=\"checkbox\" name=\"CGV\" value=\"1\" aria-invalid=\"false\" \/><\/span><\/span><\/span> By completing and submitting this form, I agree that any information provided may be used for future business purposes.<br \/>\n<a href=\"https:\/\/capeco-recycling.com\/en\/legal-notice\/\" target=\"_blank\">Please consult our Legal Notice<\/a>\n<\/p>\n\n<p><button class=\"wpcf7-form-control wpcf7-submit et_pb_button\" type=\"submit\" value=\"Send\">Send<\/button>\n<\/p><div class=\"wpcf7-response-output\" aria-hidden=\"true\"><\/div>\n<\/form>\n<\/div>\n\n\t\t\t<\/div>\n\t\t\t\t<\/div>\n\t\t\t<\/div>\n","protected":false},"author":3,"featured_media":0,"parent":0,"menu_order":0,"comment_status":"closed","ping_status":"closed","template":"","meta":{"_et_pb_use_builder":"on","_et_pb_old_content":"","_et_gb_content_width":"","footnotes":""},"class_list":["post-968","page","type-page","status-publish","hentry"],"yoast_head":"<!-- This site is optimized with the Yoast SEO plugin v27.2 - https:\/\/yoast.com\/product\/yoast-seo-wordpress\/ -->\n<title>Join us - Capeco Recycling<\/title>\n<meta name=\"robots\" content=\"noindex, follow\" \/>\n<meta property=\"og:locale\" content=\"en_US\" \/>\n<meta property=\"og:type\" content=\"article\" \/>\n<meta property=\"og:title\" content=\"Join us - Capeco Recycling\" \/>\n<meta property=\"og:url\" content=\"https:\/\/capeco-recycling.com\/en\/join-us\/\" \/>\n<meta property=\"og:site_name\" content=\"Capeco Recycling\" \/>\n<meta property=\"article:modified_time\" content=\"2023-09-13T15:03:24+00:00\" \/>\n<meta name=\"twitter:card\" content=\"summary_large_image\" \/>\n<meta name=\"twitter:description\" content=\"[dsm_contact_form_7 cf7_library=&quot;422&quot; _builder_version=&quot;4.10.8&quot; _module_preset=&quot;default&quot; input_textarea_select_text_color=&quot;#000000&quot; error_msg_text_color=&quot;#FFFFFF&quot; error_validation_text_color=&quot;#FFFFFF&quot; success_validation_text_color=&quot;#FFFFFF&quot; custom_button_one=&quot;on&quot; button_one_text_color=&quot;#FFFFFF&quot; button_one_bg_color=&quot;gcid-db8759ed-cc93-4f61-be11-03d647f81269&quot; button_one_border_width=&quot;0px&quot; button_one_border_radius=&quot;10px&quot; button_one_use_icon=&quot;off&quot; border_radii_image=&quot;on|10px|10px|10px|10px&quot; global_colors_info=&quot;{%22gcid-db8759ed-cc93-4f61-be11-03d647f81269%22:%91%22button_one_bg_color%22%93}&quot; button_one_bg_color__hover_enabled=&quot;on|hover&quot; button_one_bg_color__hover=&quot;rgba(0,164,69,0.8)&quot; button_one_bg_enable_color__hover=&quot;on&quot;][\/dsm_contact_form_7]\" \/>\n<meta name=\"twitter:label1\" content=\"Est. reading time\" \/>\n\t<meta name=\"twitter:data1\" content=\"3 minutes\" \/>\n<script type=\"application\/ld+json\" class=\"yoast-schema-graph\">{\"@context\":\"https:\/\/schema.org\",\"@graph\":[{\"@type\":\"WebPage\",\"@id\":\"https:\/\/capeco-recycling.com\/en\/join-us\/\",\"url\":\"https:\/\/capeco-recycling.com\/en\/join-us\/\",\"name\":\"Join us - Capeco Recycling\",\"isPartOf\":{\"@id\":\"https:\/\/capeco-recycling.com\/en\/#website\"},\"datePublished\":\"2021-09-15T12:20:04+00:00\",\"dateModified\":\"2023-09-13T15:03:24+00:00\",\"breadcrumb\":{\"@id\":\"https:\/\/capeco-recycling.com\/en\/join-us\/#breadcrumb\"},\"inLanguage\":\"en-US\",\"potentialAction\":[{\"@type\":\"ReadAction\",\"target\":[\"https:\/\/capeco-recycling.com\/en\/join-us\/\"]}]},{\"@type\":\"BreadcrumbList\",\"@id\":\"https:\/\/capeco-recycling.com\/en\/join-us\/#breadcrumb\",\"itemListElement\":[{\"@type\":\"ListItem\",\"position\":1,\"name\":\"Accueil\",\"item\":\"https:\/\/capeco-recycling.com\/en\/\"},{\"@type\":\"ListItem\",\"position\":2,\"name\":\"Join us\"}]},{\"@type\":\"WebSite\",\"@id\":\"https:\/\/capeco-recycling.com\/en\/#website\",\"url\":\"https:\/\/capeco-recycling.com\/en\/\",\"name\":\"Capeco Recycling\",\"description\":\"N\u00e9gociant en mati\u00e8res plastiques et gestion globale des d\u00e9chets\",\"publisher\":{\"@id\":\"https:\/\/capeco-recycling.com\/en\/#organization\"},\"potentialAction\":[{\"@type\":\"SearchAction\",\"target\":{\"@type\":\"EntryPoint\",\"urlTemplate\":\"https:\/\/capeco-recycling.com\/en\/?s={search_term_string}\"},\"query-input\":{\"@type\":\"PropertyValueSpecification\",\"valueRequired\":true,\"valueName\":\"search_term_string\"}}],\"inLanguage\":\"en-US\"},{\"@type\":\"Organization\",\"@id\":\"https:\/\/capeco-recycling.com\/en\/#organization\",\"name\":\"Capeco Recycling\",\"url\":\"https:\/\/capeco-recycling.com\/en\/\",\"logo\":{\"@type\":\"ImageObject\",\"inLanguage\":\"en-US\",\"@id\":\"https:\/\/capeco-recycling.com\/en\/#\/schema\/logo\/image\/\",\"url\":\"https:\/\/capeco-recycling.com\/wp-content\/uploads\/2021\/09\/logo.png\",\"contentUrl\":\"https:\/\/capeco-recycling.com\/wp-content\/uploads\/2021\/09\/logo.png\",\"width\":773,\"height\":217,\"caption\":\"Capeco Recycling\"},\"image\":{\"@id\":\"https:\/\/capeco-recycling.com\/en\/#\/schema\/logo\/image\/\"}}]}<\/script>\n<!-- \/ Yoast SEO plugin. -->","yoast_head_json":{"title":"Join us - Capeco Recycling","robots":{"index":"noindex","follow":"follow"},"og_locale":"en_US","og_type":"article","og_title":"Join us - Capeco Recycling","og_url":"https:\/\/capeco-recycling.com\/en\/join-us\/","og_site_name":"Capeco Recycling","article_modified_time":"2023-09-13T15:03:24+00:00","twitter_card":"summary_large_image","twitter_description":"[dsm_contact_form_7 cf7_library=\"422\" _builder_version=\"4.10.8\" _module_preset=\"default\" input_textarea_select_text_color=\"#000000\" error_msg_text_color=\"#FFFFFF\" error_validation_text_color=\"#FFFFFF\" success_validation_text_color=\"#FFFFFF\" custom_button_one=\"on\" button_one_text_color=\"#FFFFFF\" button_one_bg_color=\"gcid-db8759ed-cc93-4f61-be11-03d647f81269\" button_one_border_width=\"0px\" button_one_border_radius=\"10px\" button_one_use_icon=\"off\" border_radii_image=\"on|10px|10px|10px|10px\" global_colors_info=\"{%22gcid-db8759ed-cc93-4f61-be11-03d647f81269%22:%91%22button_one_bg_color%22%93}\" button_one_bg_color__hover_enabled=\"on|hover\" button_one_bg_color__hover=\"rgba(0,164,69,0.8)\" button_one_bg_enable_color__hover=\"on\"][\/dsm_contact_form_7]","twitter_misc":{"Est. reading time":"3 minutes"},"schema":{"@context":"https:\/\/schema.org","@graph":[{"@type":"WebPage","@id":"https:\/\/capeco-recycling.com\/en\/join-us\/","url":"https:\/\/capeco-recycling.com\/en\/join-us\/","name":"Join us - Capeco Recycling","isPartOf":{"@id":"https:\/\/capeco-recycling.com\/en\/#website"},"datePublished":"2021-09-15T12:20:04+00:00","dateModified":"2023-09-13T15:03:24+00:00","breadcrumb":{"@id":"https:\/\/capeco-recycling.com\/en\/join-us\/#breadcrumb"},"inLanguage":"en-US","potentialAction":[{"@type":"ReadAction","target":["https:\/\/capeco-recycling.com\/en\/join-us\/"]}]},{"@type":"BreadcrumbList","@id":"https:\/\/capeco-recycling.com\/en\/join-us\/#breadcrumb","itemListElement":[{"@type":"ListItem","position":1,"name":"Accueil","item":"https:\/\/capeco-recycling.com\/en\/"},{"@type":"ListItem","position":2,"name":"Join us"}]},{"@type":"WebSite","@id":"https:\/\/capeco-recycling.com\/en\/#website","url":"https:\/\/capeco-recycling.com\/en\/","name":"Capeco Recycling","description":"N\u00e9gociant en mati\u00e8res plastiques et gestion globale des d\u00e9chets","publisher":{"@id":"https:\/\/capeco-recycling.com\/en\/#organization"},"potentialAction":[{"@type":"SearchAction","target":{"@type":"EntryPoint","urlTemplate":"https:\/\/capeco-recycling.com\/en\/?s={search_term_string}"},"query-input":{"@type":"PropertyValueSpecification","valueRequired":true,"valueName":"search_term_string"}}],"inLanguage":"en-US"},{"@type":"Organization","@id":"https:\/\/capeco-recycling.com\/en\/#organization","name":"Capeco Recycling","url":"https:\/\/capeco-recycling.com\/en\/","logo":{"@type":"ImageObject","inLanguage":"en-US","@id":"https:\/\/capeco-recycling.com\/en\/#\/schema\/logo\/image\/","url":"https:\/\/capeco-recycling.com\/wp-content\/uploads\/2021\/09\/logo.png","contentUrl":"https:\/\/capeco-recycling.com\/wp-content\/uploads\/2021\/09\/logo.png","width":773,"height":217,"caption":"Capeco Recycling"},"image":{"@id":"https:\/\/capeco-recycling.com\/en\/#\/schema\/logo\/image\/"}}]}},"_links":{"self":[{"href":"https:\/\/capeco-recycling.com\/en\/wp-json\/wp\/v2\/pages\/968","targetHints":{"allow":["GET"]}}],"collection":[{"href":"https:\/\/capeco-recycling.com\/en\/wp-json\/wp\/v2\/pages"}],"about":[{"href":"https:\/\/capeco-recycling.com\/en\/wp-json\/wp\/v2\/types\/page"}],"author":[{"embeddable":true,"href":"https:\/\/capeco-recycling.com\/en\/wp-json\/wp\/v2\/users\/3"}],"replies":[{"embeddable":true,"href":"https:\/\/capeco-recycling.com\/en\/wp-json\/wp\/v2\/comments?post=968"}],"version-history":[{"count":3,"href":"https:\/\/capeco-recycling.com\/en\/wp-json\/wp\/v2\/pages\/968\/revisions"}],"predecessor-version":[{"id":1510,"href":"https:\/\/capeco-recycling.com\/en\/wp-json\/wp\/v2\/pages\/968\/revisions\/1510"}],"wp:attachment":[{"href":"https:\/\/capeco-recycling.com\/en\/wp-json\/wp\/v2\/media?parent=968"}],"curies":[{"name":"wp","href":"https:\/\/api.w.org\/{rel}","templated":true}]}}