{"id":965,"date":"2021-09-15T13:19:46","date_gmt":"2021-09-15T11:19:46","guid":{"rendered":"https:\/\/capeco-recycling.com\/legal-notice\/"},"modified":"2022-08-26T11:51:49","modified_gmt":"2022-08-26T09:51:49","slug":"legal-notice","status":"publish","type":"page","link":"https:\/\/capeco-recycling.com\/en\/legal-notice\/","title":{"rendered":"Legal Notice"},"content":{"rendered":"<p>[et_pb_section fb_built=&#8221;1&#8243; custom_padding_last_edited=&#8221;on|tablet&#8221; disabled_on=&#8221;off|off|off&#8221; admin_label=&#8221;Header Section&#8221; module_id=&#8221;presentation&#8221; _builder_version=&#8221;4.9.7&#8243; use_background_color_gradient=&#8221;on&#8221; background_color_gradient_start=&#8221;rgba(20,61,88,0.65)&#8221; background_color_gradient_end=&#8221;#143d58&#8243; background_color_gradient_overlays_image=&#8221;on&#8221; background_image=&#8221;https:\/\/capeco-recycling.com\/wp-content\/uploads\/2021\/09\/font-1.jpg&#8221; custom_margin=&#8221;|||&#8221; custom_padding=&#8221;100px||100px||true|false&#8221; custom_padding_tablet=&#8221;||||false|false&#8221; custom_padding_phone=&#8221;||||false|false&#8221; top_divider_height=&#8221;102px&#8221; bottom_divider_style=&#8221;arrow3&#8243; bottom_divider_color=&#8221;#FFFFFF&#8221; bottom_divider_height=&#8221;64px&#8221; bottom_divider_height_tablet=&#8221;30px&#8221; bottom_divider_height_phone=&#8221;&#8221; bottom_divider_height_last_edited=&#8221;on|tablet&#8221; animation_style=&#8221;slide&#8221; animation_direction=&#8221;top&#8221; animation_intensity_slide=&#8221;4%&#8221; animation_starting_opacity=&#8221;100%&#8221; locked=&#8221;off&#8221; global_colors_info=&#8221;{}&#8221;][et_pb_row _builder_version=&#8221;4.9.7&#8243; _module_preset=&#8221;default&#8221; min_height=&#8221;85px&#8221; custom_margin=&#8221;||||false|false&#8221; custom_padding=&#8221;||||false|false&#8221; global_colors_info=&#8221;{}&#8221;][et_pb_column type=&#8221;4_4&#8243; _builder_version=&#8221;4.6.3&#8243; _module_preset=&#8221;default&#8221; global_colors_info=&#8221;{}&#8221;][et_pb_text _builder_version=&#8221;4.9.7&#8243; _dynamic_attributes=&#8221;content&#8221; _module_preset=&#8221;default&#8221; header_text_align=&#8221;center&#8221; header_text_color=&#8221;#FFFFFF&#8221; header_2_text_align=&#8221;center&#8221; header_2_text_color=&#8221;#FFFFFF&#8221; header_text_shadow_style=&#8221;preset1&#8243; header_2_text_shadow_style=&#8221;preset1&#8243; global_colors_info=&#8221;{}&#8221;]@ET-DC@eyJkeW5hbWljIjp0cnVlLCJjb250ZW50IjoicG9zdF90aXRsZSIsInNldHRpbmdzIjp7ImJlZm9yZSI6IjxoMT4iLCJhZnRlciI6IjxcL2gxPiJ9fQ==@[\/et_pb_text][\/et_pb_column][\/et_pb_row][\/et_pb_section][et_pb_section fb_built=&#8221;1&#8243; _builder_version=&#8221;4.9.7&#8243; _module_preset=&#8221;default&#8221; animation_style=&#8221;fade&#8221;][et_pb_row _builder_version=&#8221;4.9.7&#8243; _module_preset=&#8221;default&#8221;][et_pb_column type=&#8221;4_4&#8243; _builder_version=&#8221;4.9.7&#8243; _module_preset=&#8221;default&#8221;][et_pb_text _builder_version=&#8221;4.9.7&#8243; _module_preset=&#8221;default&#8221; text_orientation=&#8221;justified&#8221; hover_enabled=&#8221;0&#8243; text_orientation_tablet=&#8221;&#8221; text_orientation_phone=&#8221;left&#8221; text_orientation_last_edited=&#8221;on|phone&#8221; sticky_enabled=&#8221;0&#8243;]<\/p>\n<h2>1 \u2013 Site Publisher<\/h2>\n<p>Pursuant to Article 6 of French Law no. 2004-575 of 21 June 2004 on Confidence in the Digital Economy, users of the Website (<a href=\"https:\/\/capeco-recycling.com\/en\/\">https:\/\/capeco-recycling.com<\/a>) are provided with information about the identity of the various parties involved in the implementation and monitoring of the Website:<\/p>\n<p>Site owner: SASU CAP ECO RECYCLING \u2013 Contact: contact@capeco-recycling.com +33 240 871 600 \u2013 Address: 21, avenue du coeur de l&#8217;ouest<br \/>44390 Puceul &#8211; France.<\/p>\n<p>Company Identification: SASU CAP ECO RECYCLING (with a share capital of \u20ac30,000) \u2013 BUSINESS REGISTRATION NO. (SIREN): 832 459 887 \u2013 COMPANY REGISTER: RCS NANTES \u2013 Postal Address: 21, avenue du coeur de l&#8217;ouest<br \/>44390 Puceul &#8211; France.<\/p>\n<p>Publication Manager: \u2013 Contact:<\/p>\n<p>Hosted by: OVH SAS \u2013 2 rue Kellermann \u2013 BP 80157 \u2013 59053 Roubaix Cedex 1 \u2013 Tel.: 1007<\/p>\n<p>Data Protection Officer: SASU CAP ECO RECYCLING<\/p>\n<h2>2 \u2013 Intellectual Property and Copyright<\/h2>\n<p>SASU CAP ECO RECYCLING owns the intellectual property rights pertaining to the Website; it holds the rights of use with regard to all the content contained therein, in particular the texts, images, graphics, logos, videos, architecture, icons and sounds.<\/p>\n<p>Any reproduction, representation, modification, publication or adaptation of any of the content of the Website, whether in part or in full and regardless of the means or process used, is prohibited, except with the prior written authorisation of SASU CAP ECO RECYCLING.<\/p>\n<p>Any unauthorised use of the Website or of any of the content contained therein shall be deemed to constitute an infringement of copyright punishable by law in accordance with the provisions of articles L.335-2 et seq. of the French Intellectual Property Code.<\/p>\n<h2>3 &#8211; Limitation of Liability<\/h2>\n<p>SASU CAP ECO RECYCLING shall not be held liable for any direct or indirect damage caused to the user\u2019s device, computer or IT equipment when accessing the Website <a href=\"https:\/\/capeco-recycling.com\/en\/\">https:\/\/capeco-recycling.com<\/a>.<\/p>\n<p>SASU CAP ECO RECYCLING shall not be held liable for any use that may be made of the information and content contained in the Website <a href=\"https:\/\/capeco-recycling.com\/en\/\">https:\/\/capeco-recycling.com<\/a>.<\/p>\n<p>SASU CAP ECO RECYCLING undertakes to make the Website <a href=\"https:\/\/capeco-recycling.com\/en\/\">https:\/\/capeco-recycling.com<\/a> as secure as possible. However, it shall not be held liable in the event that any undesirable data is uploaded and installed on the Website without its knowledge.<\/p>\n<p>Users have access to a number of interactive spaces (e.g., contact and comments pages). SASU CAP ECO RECYCLING reserves the right to delete, without prior notice, any content posted in these spaces that is deemed to contravene French legislation, in particular those provisions relating to data protection.<\/p>\n<p>Where applicable, SASU CAP ECO RECYCLING also reserves the right to hold a user liable under civil and\/or criminal law, in particular if that user posts a message of a racist, insulting, defamatory or pornographic nature, regardless of the medium used (e.g., text, photographs).<\/p>\n<h2>4 \u2013 The French Data Protection Authority (CNIL) and Personal Data Management<\/h2>\n<p>In accordance with the provisions of French Law 78-17 of 6 January 1978 as amended, users of the Website <a href=\"https:\/\/capeco-recycling.com\/en\/\">https:\/\/capeco-recycling.com<\/a> have the right to access, modify or delete any personal information collected. For more information on how we process personal data (e.g., type of data, purpose and data recipient), please consult our Privacy Policy.<\/p>\n<p>To exercise this right, the User should send a message to our Data Protection Officer.<\/p>\n<p>Users may also file a complaint with the French Data Protection Authority (CNIL).<\/p>\n<h2>5 &#8211; Hyperlinks and cookies<\/h2>\n<p>The website <a href=\"https:\/\/capeco-recycling.com\/en\/\">https:\/\/capeco-recycling.com<\/a> contains hyperlinks to other websites. SASU CAP ECO RECYCLING shall not be held liable with respect to any such external links or to any links to the Website (https:\/\/capeco-recycling.com) that may be created by third-party websites.<\/p>\n<p>Browsing the Website <a href=\"https:\/\/capeco-recycling.com\/en\/\">https:\/\/capeco-recycling.com<\/a> may lead to cookies being installed on the user\u2019s computer or device.<\/p>\n<p>A \u2018cookie\u2019 is a small file that records information about a user\u2019s navigation on a website. The data obtained via such cookies is used, for example, to generate statistics regarding website traffic.<\/p>\n<p>Users can accept or decline cookies by changing their browser settings. No cookies are stored on a user\u2019s device without the user\u2019s consent.<\/p>\n<p>Cookies are stored for up to one month.<\/p>\n<p>For more information on how we use cookies, please consult our Privacy Policy.<\/p>\n<h2>6 \u2013 Applicable Law and Jurisdiction.<\/h2>\n<p>Any dispute relating to the use of the Website (<a href=\"https:\/\/capeco-recycling.com\/en\/\">https:\/\/capeco-recycling.com<\/a>) is subject to French law. Except in cases excluded by Law, the relevant courts of Nantes shall have exclusive jurisdiction.<\/p>\n<p>[\/et_pb_text][\/et_pb_column][\/et_pb_row][\/et_pb_section]<\/p>\n","protected":false},"excerpt":{"rendered":"<p>1 \u2013 Site Publisher Pursuant to Article 6 of French Law no. 2004-575 of 21 June 2004 on Confidence in the Digital Economy, users of the Website (https:\/\/capeco-recycling.com) are provided with information about the identity of the various parties involved in the implementation and monitoring of the Website: Site owner: SASU CAP ECO RECYCLING \u2013 [&hellip;]<\/p>\n","protected":false},"author":3,"featured_media":0,"parent":0,"menu_order":0,"comment_status":"closed","ping_status":"closed","template":"","meta":{"_et_pb_use_builder":"on","_et_pb_old_content":"","_et_gb_content_width":"","footnotes":""},"class_list":["post-965","page","type-page","status-publish","hentry"],"yoast_head":"<!-- This site is optimized with the Yoast SEO plugin v27.2 - https:\/\/yoast.com\/product\/yoast-seo-wordpress\/ -->\n<title>Legal Notice - Capeco Recycling<\/title>\n<meta name=\"robots\" content=\"noindex, follow\" \/>\n<meta property=\"og:locale\" content=\"en_US\" \/>\n<meta property=\"og:type\" content=\"article\" \/>\n<meta property=\"og:title\" content=\"Legal Notice - Capeco Recycling\" \/>\n<meta property=\"og:description\" content=\"1 \u2013 Site Publisher Pursuant to Article 6 of French Law no. 2004-575 of 21 June 2004 on Confidence in the Digital Economy, users of the Website (https:\/\/capeco-recycling.com) are provided with information about the identity of the various parties involved in the implementation and monitoring of the Website: Site owner: SASU CAP ECO RECYCLING \u2013 [&hellip;]\" \/>\n<meta property=\"og:url\" content=\"https:\/\/capeco-recycling.com\/en\/legal-notice\/\" \/>\n<meta property=\"og:site_name\" content=\"Capeco Recycling\" \/>\n<meta property=\"article:modified_time\" content=\"2022-08-26T09:51:49+00:00\" \/>\n<meta name=\"twitter:card\" content=\"summary_large_image\" \/>\n<meta name=\"twitter:label1\" content=\"Est. reading time\" \/>\n\t<meta name=\"twitter:data1\" content=\"5 minutes\" \/>\n<script type=\"application\/ld+json\" class=\"yoast-schema-graph\">{\"@context\":\"https:\/\/schema.org\",\"@graph\":[{\"@type\":\"WebPage\",\"@id\":\"https:\/\/capeco-recycling.com\/en\/legal-notice\/\",\"url\":\"https:\/\/capeco-recycling.com\/en\/legal-notice\/\",\"name\":\"Legal Notice - Capeco Recycling\",\"isPartOf\":{\"@id\":\"https:\/\/capeco-recycling.com\/en\/#website\"},\"datePublished\":\"2021-09-15T11:19:46+00:00\",\"dateModified\":\"2022-08-26T09:51:49+00:00\",\"breadcrumb\":{\"@id\":\"https:\/\/capeco-recycling.com\/en\/legal-notice\/#breadcrumb\"},\"inLanguage\":\"en-US\",\"potentialAction\":[{\"@type\":\"ReadAction\",\"target\":[\"https:\/\/capeco-recycling.com\/en\/legal-notice\/\"]}]},{\"@type\":\"BreadcrumbList\",\"@id\":\"https:\/\/capeco-recycling.com\/en\/legal-notice\/#breadcrumb\",\"itemListElement\":[{\"@type\":\"ListItem\",\"position\":1,\"name\":\"Accueil\",\"item\":\"https:\/\/capeco-recycling.com\/en\/\"},{\"@type\":\"ListItem\",\"position\":2,\"name\":\"Legal Notice\"}]},{\"@type\":\"WebSite\",\"@id\":\"https:\/\/capeco-recycling.com\/en\/#website\",\"url\":\"https:\/\/capeco-recycling.com\/en\/\",\"name\":\"Capeco Recycling\",\"description\":\"N\u00e9gociant en mati\u00e8res plastiques et gestion globale des d\u00e9chets\",\"publisher\":{\"@id\":\"https:\/\/capeco-recycling.com\/en\/#organization\"},\"potentialAction\":[{\"@type\":\"SearchAction\",\"target\":{\"@type\":\"EntryPoint\",\"urlTemplate\":\"https:\/\/capeco-recycling.com\/en\/?s={search_term_string}\"},\"query-input\":{\"@type\":\"PropertyValueSpecification\",\"valueRequired\":true,\"valueName\":\"search_term_string\"}}],\"inLanguage\":\"en-US\"},{\"@type\":\"Organization\",\"@id\":\"https:\/\/capeco-recycling.com\/en\/#organization\",\"name\":\"Capeco Recycling\",\"url\":\"https:\/\/capeco-recycling.com\/en\/\",\"logo\":{\"@type\":\"ImageObject\",\"inLanguage\":\"en-US\",\"@id\":\"https:\/\/capeco-recycling.com\/en\/#\/schema\/logo\/image\/\",\"url\":\"https:\/\/capeco-recycling.com\/wp-content\/uploads\/2021\/09\/logo.png\",\"contentUrl\":\"https:\/\/capeco-recycling.com\/wp-content\/uploads\/2021\/09\/logo.png\",\"width\":773,\"height\":217,\"caption\":\"Capeco Recycling\"},\"image\":{\"@id\":\"https:\/\/capeco-recycling.com\/en\/#\/schema\/logo\/image\/\"}}]}<\/script>\n<!-- \/ Yoast SEO plugin. -->","yoast_head_json":{"title":"Legal Notice - Capeco Recycling","robots":{"index":"noindex","follow":"follow"},"og_locale":"en_US","og_type":"article","og_title":"Legal Notice - Capeco Recycling","og_description":"1 \u2013 Site Publisher Pursuant to Article 6 of French Law no. 2004-575 of 21 June 2004 on Confidence in the Digital Economy, users of the Website (https:\/\/capeco-recycling.com) are provided with information about the identity of the various parties involved in the implementation and monitoring of the Website: Site owner: SASU CAP ECO RECYCLING \u2013 [&hellip;]","og_url":"https:\/\/capeco-recycling.com\/en\/legal-notice\/","og_site_name":"Capeco Recycling","article_modified_time":"2022-08-26T09:51:49+00:00","twitter_card":"summary_large_image","twitter_misc":{"Est. reading time":"5 minutes"},"schema":{"@context":"https:\/\/schema.org","@graph":[{"@type":"WebPage","@id":"https:\/\/capeco-recycling.com\/en\/legal-notice\/","url":"https:\/\/capeco-recycling.com\/en\/legal-notice\/","name":"Legal Notice - Capeco Recycling","isPartOf":{"@id":"https:\/\/capeco-recycling.com\/en\/#website"},"datePublished":"2021-09-15T11:19:46+00:00","dateModified":"2022-08-26T09:51:49+00:00","breadcrumb":{"@id":"https:\/\/capeco-recycling.com\/en\/legal-notice\/#breadcrumb"},"inLanguage":"en-US","potentialAction":[{"@type":"ReadAction","target":["https:\/\/capeco-recycling.com\/en\/legal-notice\/"]}]},{"@type":"BreadcrumbList","@id":"https:\/\/capeco-recycling.com\/en\/legal-notice\/#breadcrumb","itemListElement":[{"@type":"ListItem","position":1,"name":"Accueil","item":"https:\/\/capeco-recycling.com\/en\/"},{"@type":"ListItem","position":2,"name":"Legal Notice"}]},{"@type":"WebSite","@id":"https:\/\/capeco-recycling.com\/en\/#website","url":"https:\/\/capeco-recycling.com\/en\/","name":"Capeco Recycling","description":"N\u00e9gociant en mati\u00e8res plastiques et gestion globale des d\u00e9chets","publisher":{"@id":"https:\/\/capeco-recycling.com\/en\/#organization"},"potentialAction":[{"@type":"SearchAction","target":{"@type":"EntryPoint","urlTemplate":"https:\/\/capeco-recycling.com\/en\/?s={search_term_string}"},"query-input":{"@type":"PropertyValueSpecification","valueRequired":true,"valueName":"search_term_string"}}],"inLanguage":"en-US"},{"@type":"Organization","@id":"https:\/\/capeco-recycling.com\/en\/#organization","name":"Capeco Recycling","url":"https:\/\/capeco-recycling.com\/en\/","logo":{"@type":"ImageObject","inLanguage":"en-US","@id":"https:\/\/capeco-recycling.com\/en\/#\/schema\/logo\/image\/","url":"https:\/\/capeco-recycling.com\/wp-content\/uploads\/2021\/09\/logo.png","contentUrl":"https:\/\/capeco-recycling.com\/wp-content\/uploads\/2021\/09\/logo.png","width":773,"height":217,"caption":"Capeco Recycling"},"image":{"@id":"https:\/\/capeco-recycling.com\/en\/#\/schema\/logo\/image\/"}}]}},"_links":{"self":[{"href":"https:\/\/capeco-recycling.com\/en\/wp-json\/wp\/v2\/pages\/965","targetHints":{"allow":["GET"]}}],"collection":[{"href":"https:\/\/capeco-recycling.com\/en\/wp-json\/wp\/v2\/pages"}],"about":[{"href":"https:\/\/capeco-recycling.com\/en\/wp-json\/wp\/v2\/types\/page"}],"author":[{"embeddable":true,"href":"https:\/\/capeco-recycling.com\/en\/wp-json\/wp\/v2\/users\/3"}],"replies":[{"embeddable":true,"href":"https:\/\/capeco-recycling.com\/en\/wp-json\/wp\/v2\/comments?post=965"}],"version-history":[{"count":0,"href":"https:\/\/capeco-recycling.com\/en\/wp-json\/wp\/v2\/pages\/965\/revisions"}],"wp:attachment":[{"href":"https:\/\/capeco-recycling.com\/en\/wp-json\/wp\/v2\/media?parent=965"}],"curies":[{"name":"wp","href":"https:\/\/api.w.org\/{rel}","templated":true}]}}