{"id":1556,"date":"2023-04-24T14:15:34","date_gmt":"2023-04-24T12:15:34","guid":{"rendered":"https:\/\/capeco-recycling.com\/all-you-need-to-know-about-plastic-pellets\/"},"modified":"2023-09-27T16:29:34","modified_gmt":"2023-09-27T14:29:34","slug":"all-you-need-to-know-about-plastic-pellets","status":"publish","type":"page","link":"https:\/\/capeco-recycling.com\/en\/all-you-need-to-know-about-plastic-pellets\/","title":{"rendered":"All you need to know about plastic pellets"},"content":{"rendered":"<p>[et_pb_section fb_built=&#8221;1&#8243; custom_padding_last_edited=&#8221;on|tablet&#8221; disabled_on=&#8221;off|off|off&#8221; admin_label=&#8221;Header Section&#8221; module_id=&#8221;presentation&#8221; _builder_version=&#8221;4.16&#8243; use_background_color_gradient=&#8221;on&#8221; background_color_gradient_stops=&#8221;rgba(20,61,88,0.65) 0%|gcid-c2e2dee7-b8e8-4c04-af6b-387859c2f3f2 100%&#8221; background_color_gradient_overlays_image=&#8221;on&#8221; background_color_gradient_start=&#8221;rgba(20,61,88,0.65)&#8221; background_color_gradient_end=&#8221;gcid-c2e2dee7-b8e8-4c04-af6b-387859c2f3f2&#8243; background_image=&#8221;http:\/\/preprod.capeco-recycling.com\/wp-content\/uploads\/2021\/09\/font-1.jpg&#8221; custom_margin=&#8221;|||&#8221; custom_padding=&#8221;100px||100px||true|false&#8221; custom_padding_tablet=&#8221;||||false|false&#8221; custom_padding_phone=&#8221;||||false|false&#8221; top_divider_height=&#8221;102px&#8221; bottom_divider_style=&#8221;arrow3&#8243; bottom_divider_color=&#8221;gcid-c2e2dee7-b8e8-4c04-af6b-387859c2f3f2&#8243; bottom_divider_height=&#8221;64px&#8221; bottom_divider_height_tablet=&#8221;30px&#8221; bottom_divider_height_phone=&#8221;&#8221; bottom_divider_height_last_edited=&#8221;on|tablet&#8221; animation_style=&#8221;slide&#8221; animation_direction=&#8221;top&#8221; animation_intensity_slide=&#8221;4%&#8221; animation_starting_opacity=&#8221;100%&#8221; locked=&#8221;off&#8221; global_colors_info=&#8221;{%22gcid-c2e2dee7-b8e8-4c04-af6b-387859c2f3f2%22:%91%22bottom_divider_color%22%93}&#8221;][et_pb_row _builder_version=&#8221;4.16&#8243; _module_preset=&#8221;default&#8221; min_height=&#8221;85px&#8221; custom_margin=&#8221;||||false|false&#8221; custom_padding=&#8221;||||false|false&#8221; global_colors_info=&#8221;{}&#8221;][et_pb_column type=&#8221;4_4&#8243; _builder_version=&#8221;4.16&#8243; _module_preset=&#8221;default&#8221; global_colors_info=&#8221;{}&#8221;][et_pb_text _builder_version=&#8221;4.16&#8243; _dynamic_attributes=&#8221;content&#8221; _module_preset=&#8221;default&#8221; header_font=&#8221;|700||on|||||&#8221; header_text_align=&#8221;center&#8221; header_text_color=&#8221;#FFFFFF&#8221; header_2_text_align=&#8221;center&#8221; header_2_text_color=&#8221;#FFFFFF&#8221; header_2_text_shadow_style=&#8221;preset1&#8243; locked=&#8221;off&#8221; global_colors_info=&#8221;{}&#8221;]@ET-DC@eyJkeW5hbWljIjp0cnVlLCJjb250ZW50IjoicG9zdF90aXRsZSIsInNldHRpbmdzIjp7ImJlZm9yZSI6IjxoMT4iLCJhZnRlciI6IjxcL2gxPiJ9fQ==@[\/et_pb_text][\/et_pb_column][\/et_pb_row][\/et_pb_section][et_pb_section fb_built=&#8221;1&#8243; _builder_version=&#8221;4.16&#8243; _module_preset=&#8221;default&#8221; global_colors_info=&#8221;{}&#8221;][et_pb_row _builder_version=&#8221;4.16&#8243; _module_preset=&#8221;default&#8221; custom_margin=&#8221;6px|auto||auto||&#8221; custom_padding=&#8221;1px|||||&#8221; global_colors_info=&#8221;{}&#8221;][et_pb_column type=&#8221;4_4&#8243; _builder_version=&#8221;4.16&#8243; _module_preset=&#8221;default&#8221; global_colors_info=&#8221;{}&#8221;][et_pb_text _builder_version=&#8221;4.16&#8243; _module_preset=&#8221;default&#8221; custom_padding=&#8221;24px||1px|||&#8221; global_colors_info=&#8221;{}&#8221;]<\/p>\n<p><span style=\"font-weight: 400;\">Plastic pellets are commonly used materials in many industrial sectors, such as packaging, automotive, electronics, agriculture and many more. These pellets are made from recycled or virgin plastic raw materials and are processed into finished products such as bottles, bags, auto parts, toys, etc.<\/span><\/p>\n<p>&nbsp;<\/p>\n<p>[\/et_pb_text][\/et_pb_column][\/et_pb_row][et_pb_row column_structure=&#8221;2_5,3_5&#8243; _builder_version=&#8221;4.16&#8243; _module_preset=&#8221;default&#8221; custom_padding=&#8221;1px|||||&#8221; global_colors_info=&#8221;{}&#8221;][et_pb_column type=&#8221;2_5&#8243; _builder_version=&#8221;4.16&#8243; _module_preset=&#8221;default&#8221; global_colors_info=&#8221;{}&#8221;][et_pb_image src=&#8221;https:\/\/capeco-recycling.com\/wp-content\/uploads\/2023\/04\/objectifs-developpement-durable-nature-morte-scaled.jpg&#8221; alt=&#8221;Recycled plastic granules for purchase&#8221; _builder_version=&#8221;4.16&#8243; _module_preset=&#8221;default&#8221; min_height=&#8221;286.2px&#8221; global_colors_info=&#8221;{}&#8221;][\/et_pb_image][\/et_pb_column][et_pb_column type=&#8221;3_5&#8243; _builder_version=&#8221;4.16&#8243; _module_preset=&#8221;default&#8221; global_colors_info=&#8221;{}&#8221;][et_pb_text _builder_version=&#8221;4.16&#8243; _module_preset=&#8221;default&#8221; custom_padding=&#8221;24px||1px|||&#8221; global_colors_info=&#8221;{}&#8221;]<\/p>\n<h2><span style=\"font-weight: 400; color: #7cc68d;\"><span style=\"font-weight: 400;\">Composition of plastic granules<\/span><\/span><span style=\"font-weight: 400;\"><\/span><\/h2>\n<p><span style=\"font-weight: 400;\"><\/span><\/p>\n<p><span style=\"font-weight: 400;\">Many plastics are available in granules form for the injection and extrusion industries. Among the most common are polypropylene (PP), polystyrene (PS), polycarbonate (PC), <a href=\"https:\/\/capeco-recycling.com\/en\/how-to-recycle-polyethylene-pe\/\">high density polyethylene<\/a> (HDPE) and low density polyethylene (LDPE). <\/span><\/p>\n<p><span style=\"font-weight: 400;\">Each plastic material meets specific requirements in terms of mechanical, thermal, rheological properties, or color (transparency).<\/span><span style=\"font-size: 17px;\"> <\/span><span style=\"font-weight: 400;\"><\/span><\/p>\n<p><span style=\"font-weight: 400;\"><\/span><\/p>\n<p>[\/et_pb_text][\/et_pb_column][\/et_pb_row][et_pb_row _builder_version=&#8221;4.16&#8243; _module_preset=&#8221;default&#8221; custom_margin=&#8221;6px|auto||auto||&#8221; custom_padding=&#8221;1px|||||&#8221; global_colors_info=&#8221;{}&#8221;][et_pb_column type=&#8221;4_4&#8243; _builder_version=&#8221;4.16&#8243; _module_preset=&#8221;default&#8221; global_colors_info=&#8221;{}&#8221;][et_pb_text _builder_version=&#8221;4.22.1&#8243; _module_preset=&#8221;default&#8221; custom_padding=&#8221;24px||1px|||&#8221; hover_enabled=&#8221;0&#8243; global_colors_info=&#8221;{}&#8221; admin_label=&#8221;Texte&#8221; sticky_enabled=&#8221;0&#8243;]<\/p>\n<h2><span style=\"font-weight: 400; color: #7cc68d;\"><span style=\"font-weight: 400;\">What are the advantages of plastic granulates ?<\/span><\/span><\/h2>\n<p><span style=\"font-weight: 400;\">Plastic granulates have several advantages, including their light weight, corrosion resistance and low production cost. They are also easy to mold and can be used in a variety of applications, such as manufacturing automotive parts, packaging and children&#8217;s toys. <\/span><\/p>\n<p><span style=\"font-weight: 400;\">Plastic granulates have better uniformity and greater dosing accuracy than other forms of raw materials. <strong>This improves the quality and reproducibility of finished products.<\/strong><\/span><\/p>\n<p>&nbsp;<\/p>\n<h2><span style=\"font-weight: 400; color: #7cc68d;\"><span style=\"font-weight: 400;\">The homogenization process<\/span><\/span><\/h2>\n<p><span style=\"font-weight: 400;\">Homogenization is a necessary process for the reuse of material. Indeed, recycled plastics often come from different sources and can have different properties in terms of density, viscosity, color, strength, etc. These differences can affect the quality of the granulates produced if the plastics are not properly mixed before the extrusion phase.<\/span><\/p>\n<p><span style=\"font-weight: 400;\">The homogenization process can be carried out in different ways:manual or mechanical mixing, in which the recycled plastics are agitated or stirred to ensure homogeneous mixing.<\/span><\/p>\n<p><span style=\"font-weight: 400;\">Homogenization is a key step to produce high quality pellets from recycled plastics. It guarantees a uniform composition and constant quality of the granules produced.<\/span><\/p>\n<p>&nbsp;<\/p>\n<h2><span style=\"font-weight: 400; color: #7cc68d;\"><span style=\"font-weight: 400;\">The stages of plastic regeneration<\/span><\/span><\/h2>\n<p><span style=\"font-weight: 400;\">Plastic regeneration, also called extrusion or granulation, is a recycling process that involves cleaning, melting and re-molding waste plastic into new raw materials. This recycling process recovers plastic and produces high-end recycled plastic granules.<\/span><\/p>\n<p><span style=\"font-weight: 400;\">The plastic regeneration process can be carried out in factories specializing in plastic recycling. This step is possible thanks to equipment such as crushers, extruders and granulators to transform plastic waste into quality granules. <\/span><\/p>\n<p><strong>The stages of regeneration:<\/strong><\/p>\n<ol>\n<li style=\"font-weight: 400;\" aria-level=\"1\"><span style=\"font-weight: 400;\">Preparation of raw materials: Raw materials, which can be polymers, additives and pigments, are mixed in precise proportions.<\/span><\/li>\n<li style=\"font-weight: 400;\" aria-level=\"1\"><span style=\"font-weight: 400;\">Melting: Materials are fed into an extruder, which passes them through a high-temperature melting zone. This melting zone softens the polymers and blends them with the additives.<\/span><\/li>\n<li style=\"font-weight: 400;\" aria-level=\"1\"><span style=\"font-weight: 400;\">Extrusion: The molten mixture is then pushed through a die to form a continuous shape of molten plastic.<\/span><\/li>\n<li style=\"font-weight: 400;\" aria-level=\"1\">Filtering: The extruder pushes the liquid material through a filter of a few hundred microns to eliminate residues.<\/li>\n<li style=\"font-weight: 400;\" aria-level=\"1\"><span style=\"font-weight: 400;\">Cooling: The continuous form is then rapidly cooled using a water cooling system. This solidifies the plastic and makes it brittle.<\/span><\/li>\n<li style=\"font-weight: 400;\" aria-level=\"1\"><span style=\"font-weight: 400;\">Cutting: The solid, brittle form is then cut into small pieces called plastic pellets using a special machine called a granulator.<\/span><\/li>\n<li style=\"font-weight: 400;\" aria-level=\"1\"><span style=\"font-weight: 400;\">Storage: The plastic pellets are then stored in bags or containers for later use.<\/span><\/li>\n<\/ol>\n<p><span style=\"font-weight: 400;\">There are other methods to make plastic pellets, such as wet granulation, compression granulation, pressure granulation, etc. But the extrusion process is the most common and widely used in the plastic industry.<\/span><\/p>\n<p>&nbsp;<\/p>\n<h2><span style=\"font-weight: 400; color: #7cc68d;\"><span style=\"font-weight: 400;\">Packaging and storage of plastic granules<\/span><\/span><\/h2>\n<p><span style=\"font-weight: 400;\">For the packaging and storage of plastic granules, it is recommended to use big bags, as well as metal or hard plastic containers. It is also important to store the pellets in a dry, cool place and away from direct sunlight to avoid any risk of moisture or degradation.<\/span><\/p>\n<p>&nbsp;<\/p>\n<h2><span style=\"font-weight: 400; color: #7cc68d;\"><span style=\"font-weight: 400;\">Industrial handling of plastic granules<\/span><\/span><\/h2>\n<p><span style=\"font-weight: 400;\">Plastic granules are commonly found in the plastics industry, in extrusion and injection processes. The shape thus obtained is easy to store and handle in various industrial operations: filling, emptying, mixing, etc.<\/span><\/p>\n<p><span style=\"font-weight: 400;\">Certain plastic granules (Polyamide or PA, <a href=\"https:\/\/fr.wikipedia.org\/wiki\/Acrylonitrile_butadi%C3%A8ne_styr%C3%A8ne\" target=\"_blank\" rel=\"noopener\">Acrylonitrile butadiene styrene<\/a> or ABS, Polybutylene terephthalate or PBT, Polymethyl methacrylate or PMMA, etc.) are hygroscopic and must, therefore, undergo pre-drying before handling in order to avoid any related problems to humidity.<\/span><\/p>\n<p>&nbsp;<\/p>\n<p>[\/et_pb_text][\/et_pb_column][\/et_pb_row][\/et_pb_section]<\/p>\n","protected":false},"excerpt":{"rendered":"<p>Plastic pellets are commonly used materials in many industrial sectors, such as packaging, automotive, electronics, agriculture and many more. These pellets are made from recycled or virgin plastic raw materials and are processed into finished products such as bottles, bags, auto parts, toys, etc. &nbsp;Composition of plastic granules Many plastics are available in granules form [&hellip;]<\/p>\n","protected":false},"author":7,"featured_media":0,"parent":0,"menu_order":0,"comment_status":"closed","ping_status":"closed","template":"","meta":{"_et_pb_use_builder":"on","_et_pb_old_content":"","_et_gb_content_width":"","footnotes":""},"class_list":["post-1556","page","type-page","status-publish","hentry"],"yoast_head":"<!-- This site is optimized with the Yoast SEO plugin v27.4 - https:\/\/yoast.com\/product\/yoast-seo-wordpress\/ -->\n<title>Recycled plastic granules | Cap Eco Recycling<\/title>\n<meta name=\"description\" content=\"Find out more about the composition of granules, their advantages and the steps involved in plastic regeneration.\" \/>\n<meta name=\"robots\" content=\"index, follow, max-snippet:-1, max-image-preview:large, max-video-preview:-1\" \/>\n<link rel=\"canonical\" href=\"https:\/\/capeco-recycling.com\/en\/all-you-need-to-know-about-plastic-pellets\/\" \/>\n<meta property=\"og:locale\" content=\"en_US\" \/>\n<meta property=\"og:type\" content=\"article\" \/>\n<meta property=\"og:title\" content=\"Recycled plastic granules | Cap Eco Recycling\" \/>\n<meta property=\"og:description\" content=\"Find out more about the composition of granules, their advantages and the steps involved in plastic regeneration.\" \/>\n<meta property=\"og:url\" content=\"https:\/\/capeco-recycling.com\/en\/all-you-need-to-know-about-plastic-pellets\/\" \/>\n<meta property=\"og:site_name\" content=\"Capeco Recycling\" \/>\n<meta property=\"article:modified_time\" content=\"2023-09-27T14:29:34+00:00\" \/>\n<meta name=\"twitter:card\" content=\"summary_large_image\" \/>\n<meta name=\"twitter:label1\" content=\"Est. reading time\" \/>\n\t<meta name=\"twitter:data1\" content=\"6 minutes\" \/>\n<script type=\"application\/ld+json\" class=\"yoast-schema-graph\">{\"@context\":\"https:\\\/\\\/schema.org\",\"@graph\":[{\"@type\":\"WebPage\",\"@id\":\"https:\\\/\\\/capeco-recycling.com\\\/en\\\/all-you-need-to-know-about-plastic-pellets\\\/\",\"url\":\"https:\\\/\\\/capeco-recycling.com\\\/en\\\/all-you-need-to-know-about-plastic-pellets\\\/\",\"name\":\"Recycled plastic granules | Cap Eco Recycling\",\"isPartOf\":{\"@id\":\"https:\\\/\\\/capeco-recycling.com\\\/en\\\/#website\"},\"datePublished\":\"2023-04-24T12:15:34+00:00\",\"dateModified\":\"2023-09-27T14:29:34+00:00\",\"description\":\"Find out more about the composition of granules, their advantages and the steps involved in plastic regeneration.\",\"breadcrumb\":{\"@id\":\"https:\\\/\\\/capeco-recycling.com\\\/en\\\/all-you-need-to-know-about-plastic-pellets\\\/#breadcrumb\"},\"inLanguage\":\"en-US\",\"potentialAction\":[{\"@type\":\"ReadAction\",\"target\":[\"https:\\\/\\\/capeco-recycling.com\\\/en\\\/all-you-need-to-know-about-plastic-pellets\\\/\"]}]},{\"@type\":\"BreadcrumbList\",\"@id\":\"https:\\\/\\\/capeco-recycling.com\\\/en\\\/all-you-need-to-know-about-plastic-pellets\\\/#breadcrumb\",\"itemListElement\":[{\"@type\":\"ListItem\",\"position\":1,\"name\":\"Accueil\",\"item\":\"https:\\\/\\\/capeco-recycling.com\\\/en\\\/\"},{\"@type\":\"ListItem\",\"position\":2,\"name\":\"All you need to know about plastic pellets\"}]},{\"@type\":\"WebSite\",\"@id\":\"https:\\\/\\\/capeco-recycling.com\\\/en\\\/#website\",\"url\":\"https:\\\/\\\/capeco-recycling.com\\\/en\\\/\",\"name\":\"Capeco Recycling\",\"description\":\"N\u00e9gociant en mati\u00e8res plastiques et gestion globale des d\u00e9chets\",\"publisher\":{\"@id\":\"https:\\\/\\\/capeco-recycling.com\\\/en\\\/#organization\"},\"potentialAction\":[{\"@type\":\"SearchAction\",\"target\":{\"@type\":\"EntryPoint\",\"urlTemplate\":\"https:\\\/\\\/capeco-recycling.com\\\/en\\\/?s={search_term_string}\"},\"query-input\":{\"@type\":\"PropertyValueSpecification\",\"valueRequired\":true,\"valueName\":\"search_term_string\"}}],\"inLanguage\":\"en-US\"},{\"@type\":\"Organization\",\"@id\":\"https:\\\/\\\/capeco-recycling.com\\\/en\\\/#organization\",\"name\":\"Capeco Recycling\",\"url\":\"https:\\\/\\\/capeco-recycling.com\\\/en\\\/\",\"logo\":{\"@type\":\"ImageObject\",\"inLanguage\":\"en-US\",\"@id\":\"https:\\\/\\\/capeco-recycling.com\\\/en\\\/#\\\/schema\\\/logo\\\/image\\\/\",\"url\":\"https:\\\/\\\/capeco-recycling.com\\\/wp-content\\\/uploads\\\/2021\\\/09\\\/logo.png\",\"contentUrl\":\"https:\\\/\\\/capeco-recycling.com\\\/wp-content\\\/uploads\\\/2021\\\/09\\\/logo.png\",\"width\":773,\"height\":217,\"caption\":\"Capeco Recycling\"},\"image\":{\"@id\":\"https:\\\/\\\/capeco-recycling.com\\\/en\\\/#\\\/schema\\\/logo\\\/image\\\/\"}}]}<\/script>\n<!-- \/ Yoast SEO plugin. -->","yoast_head_json":{"title":"Recycled plastic granules | Cap Eco Recycling","description":"Find out more about the composition of granules, their advantages and the steps involved in plastic regeneration.","robots":{"index":"index","follow":"follow","max-snippet":"max-snippet:-1","max-image-preview":"max-image-preview:large","max-video-preview":"max-video-preview:-1"},"canonical":"https:\/\/capeco-recycling.com\/en\/all-you-need-to-know-about-plastic-pellets\/","og_locale":"en_US","og_type":"article","og_title":"Recycled plastic granules | Cap Eco Recycling","og_description":"Find out more about the composition of granules, their advantages and the steps involved in plastic regeneration.","og_url":"https:\/\/capeco-recycling.com\/en\/all-you-need-to-know-about-plastic-pellets\/","og_site_name":"Capeco Recycling","article_modified_time":"2023-09-27T14:29:34+00:00","twitter_card":"summary_large_image","twitter_misc":{"Est. reading time":"6 minutes"},"schema":{"@context":"https:\/\/schema.org","@graph":[{"@type":"WebPage","@id":"https:\/\/capeco-recycling.com\/en\/all-you-need-to-know-about-plastic-pellets\/","url":"https:\/\/capeco-recycling.com\/en\/all-you-need-to-know-about-plastic-pellets\/","name":"Recycled plastic granules | Cap Eco Recycling","isPartOf":{"@id":"https:\/\/capeco-recycling.com\/en\/#website"},"datePublished":"2023-04-24T12:15:34+00:00","dateModified":"2023-09-27T14:29:34+00:00","description":"Find out more about the composition of granules, their advantages and the steps involved in plastic regeneration.","breadcrumb":{"@id":"https:\/\/capeco-recycling.com\/en\/all-you-need-to-know-about-plastic-pellets\/#breadcrumb"},"inLanguage":"en-US","potentialAction":[{"@type":"ReadAction","target":["https:\/\/capeco-recycling.com\/en\/all-you-need-to-know-about-plastic-pellets\/"]}]},{"@type":"BreadcrumbList","@id":"https:\/\/capeco-recycling.com\/en\/all-you-need-to-know-about-plastic-pellets\/#breadcrumb","itemListElement":[{"@type":"ListItem","position":1,"name":"Accueil","item":"https:\/\/capeco-recycling.com\/en\/"},{"@type":"ListItem","position":2,"name":"All you need to know about plastic pellets"}]},{"@type":"WebSite","@id":"https:\/\/capeco-recycling.com\/en\/#website","url":"https:\/\/capeco-recycling.com\/en\/","name":"Capeco Recycling","description":"N\u00e9gociant en mati\u00e8res plastiques et gestion globale des d\u00e9chets","publisher":{"@id":"https:\/\/capeco-recycling.com\/en\/#organization"},"potentialAction":[{"@type":"SearchAction","target":{"@type":"EntryPoint","urlTemplate":"https:\/\/capeco-recycling.com\/en\/?s={search_term_string}"},"query-input":{"@type":"PropertyValueSpecification","valueRequired":true,"valueName":"search_term_string"}}],"inLanguage":"en-US"},{"@type":"Organization","@id":"https:\/\/capeco-recycling.com\/en\/#organization","name":"Capeco Recycling","url":"https:\/\/capeco-recycling.com\/en\/","logo":{"@type":"ImageObject","inLanguage":"en-US","@id":"https:\/\/capeco-recycling.com\/en\/#\/schema\/logo\/image\/","url":"https:\/\/capeco-recycling.com\/wp-content\/uploads\/2021\/09\/logo.png","contentUrl":"https:\/\/capeco-recycling.com\/wp-content\/uploads\/2021\/09\/logo.png","width":773,"height":217,"caption":"Capeco Recycling"},"image":{"@id":"https:\/\/capeco-recycling.com\/en\/#\/schema\/logo\/image\/"}}]}},"_links":{"self":[{"href":"https:\/\/capeco-recycling.com\/en\/wp-json\/wp\/v2\/pages\/1556","targetHints":{"allow":["GET"]}}],"collection":[{"href":"https:\/\/capeco-recycling.com\/en\/wp-json\/wp\/v2\/pages"}],"about":[{"href":"https:\/\/capeco-recycling.com\/en\/wp-json\/wp\/v2\/types\/page"}],"author":[{"embeddable":true,"href":"https:\/\/capeco-recycling.com\/en\/wp-json\/wp\/v2\/users\/7"}],"replies":[{"embeddable":true,"href":"https:\/\/capeco-recycling.com\/en\/wp-json\/wp\/v2\/comments?post=1556"}],"version-history":[{"count":2,"href":"https:\/\/capeco-recycling.com\/en\/wp-json\/wp\/v2\/pages\/1556\/revisions"}],"predecessor-version":[{"id":1558,"href":"https:\/\/capeco-recycling.com\/en\/wp-json\/wp\/v2\/pages\/1556\/revisions\/1558"}],"wp:attachment":[{"href":"https:\/\/capeco-recycling.com\/en\/wp-json\/wp\/v2\/media?parent=1556"}],"curies":[{"name":"wp","href":"https:\/\/api.w.org\/{rel}","templated":true}]}}