{"id":1553,"date":"2023-04-24T14:15:34","date_gmt":"2023-04-24T12:15:34","guid":{"rendered":"https:\/\/capeco-recycling.com\/recycling-plastic-packaging-how-does-it-work\/"},"modified":"2023-09-27T16:09:12","modified_gmt":"2023-09-27T14:09:12","slug":"recycling-plastic-packaging-how-does-it-work","status":"publish","type":"page","link":"https:\/\/capeco-recycling.com\/en\/recycling-plastic-packaging-how-does-it-work\/","title":{"rendered":"Recycling plastic packaging: how does it work?"},"content":{"rendered":"<p>[et_pb_section fb_built=&#8221;1&#8243; custom_padding_last_edited=&#8221;on|tablet&#8221; disabled_on=&#8221;off|off|off&#8221; admin_label=&#8221;Header Section&#8221; module_id=&#8221;presentation&#8221; _builder_version=&#8221;4.16&#8243; use_background_color_gradient=&#8221;on&#8221; background_color_gradient_stops=&#8221;rgba(20,61,88,0.65) 0%|gcid-c2e2dee7-b8e8-4c04-af6b-387859c2f3f2 100%&#8221; background_color_gradient_overlays_image=&#8221;on&#8221; background_color_gradient_start=&#8221;rgba(20,61,88,0.65)&#8221; background_color_gradient_end=&#8221;gcid-c2e2dee7-b8e8-4c04-af6b-387859c2f3f2&#8243; background_image=&#8221;http:\/\/preprod.capeco-recycling.com\/wp-content\/uploads\/2021\/09\/font-1.jpg&#8221; custom_margin=&#8221;|||&#8221; custom_padding=&#8221;100px||100px||true|false&#8221; custom_padding_tablet=&#8221;||||false|false&#8221; custom_padding_phone=&#8221;||||false|false&#8221; top_divider_height=&#8221;102px&#8221; bottom_divider_style=&#8221;arrow3&#8243; bottom_divider_color=&#8221;gcid-c2e2dee7-b8e8-4c04-af6b-387859c2f3f2&#8243; bottom_divider_height=&#8221;64px&#8221; bottom_divider_height_tablet=&#8221;30px&#8221; bottom_divider_height_phone=&#8221;&#8221; bottom_divider_height_last_edited=&#8221;on|tablet&#8221; animation_style=&#8221;slide&#8221; animation_direction=&#8221;top&#8221; animation_intensity_slide=&#8221;4%&#8221; animation_starting_opacity=&#8221;100%&#8221; locked=&#8221;off&#8221; global_colors_info=&#8221;{%22gcid-c2e2dee7-b8e8-4c04-af6b-387859c2f3f2%22:%91%22bottom_divider_color%22%93}&#8221;][et_pb_row _builder_version=&#8221;4.16&#8243; _module_preset=&#8221;default&#8221; min_height=&#8221;85px&#8221; custom_margin=&#8221;||||false|false&#8221; custom_padding=&#8221;||||false|false&#8221; global_colors_info=&#8221;{}&#8221;][et_pb_column type=&#8221;4_4&#8243; _builder_version=&#8221;4.16&#8243; _module_preset=&#8221;default&#8221; global_colors_info=&#8221;{}&#8221;][et_pb_text _builder_version=&#8221;4.16&#8243; _dynamic_attributes=&#8221;content&#8221; _module_preset=&#8221;default&#8221; header_font=&#8221;|700||on|||||&#8221; header_text_align=&#8221;center&#8221; header_text_color=&#8221;#FFFFFF&#8221; header_2_text_align=&#8221;center&#8221; header_2_text_color=&#8221;#FFFFFF&#8221; header_2_text_shadow_style=&#8221;preset1&#8243; locked=&#8221;off&#8221; global_colors_info=&#8221;{}&#8221;]@ET-DC@eyJkeW5hbWljIjp0cnVlLCJjb250ZW50IjoicG9zdF90aXRsZSIsInNldHRpbmdzIjp7ImJlZm9yZSI6IjxoMT4iLCJhZnRlciI6IjxcL2gxPiJ9fQ==@[\/et_pb_text][\/et_pb_column][\/et_pb_row][\/et_pb_section][et_pb_section fb_built=&#8221;1&#8243; _builder_version=&#8221;4.16&#8243; _module_preset=&#8221;default&#8221; global_colors_info=&#8221;{}&#8221;][et_pb_row _builder_version=&#8221;4.16&#8243; _module_preset=&#8221;default&#8221; custom_padding=&#8221;1px|||||&#8221; global_colors_info=&#8221;{}&#8221;][et_pb_column type=&#8221;4_4&#8243; _builder_version=&#8221;4.16&#8243; _module_preset=&#8221;default&#8221; global_colors_info=&#8221;{}&#8221;][et_pb_text _builder_version=&#8221;4.16&#8243; _module_preset=&#8221;default&#8221; global_colors_info=&#8221;{}&#8221;]<\/p>\n<p><span style=\"font-weight: 400;\">Recycling plastic packaging has become a major ecological issue. Indeed, in Europe for example, around <strong>40% of plastic waste comes from packaging<\/strong>. <\/span><\/p>\n<p>[\/et_pb_text][\/et_pb_column][\/et_pb_row][et_pb_row column_structure=&#8221;3_5,2_5&#8243; _builder_version=&#8221;4.16&#8243; _module_preset=&#8221;default&#8221; global_colors_info=&#8221;{}&#8221;][et_pb_column type=&#8221;3_5&#8243; _builder_version=&#8221;4.16&#8243; _module_preset=&#8221;default&#8221; global_colors_info=&#8221;{}&#8221;][et_pb_text _builder_version=&#8221;4.16&#8243; _module_preset=&#8221;default&#8221; global_colors_info=&#8221;{}&#8221;]<\/p>\n<p><span style=\"font-weight: 400;\">Recycling plastic packaging has many advantages:<\/span><\/p>\n<p><span style=\"font-weight: 400;\"><\/span><\/p>\n<p><span style=\"font-weight: 400;\">1 &#8211; It saves natural resources<\/span><\/p>\n<p><span style=\"font-weight: 400;\">2 \u2013 It reduces greenhouse gas emissions<\/span><\/p>\n<p><span style=\"font-weight: 400;\">3 \u2013 It creates jobs in recycling industries<\/span><\/p>\n<p><span style=\"font-weight: 400;\">4 \u2013 It reduces pollution and helps preserve our environment<\/span><\/p>\n<p>[\/et_pb_text][\/et_pb_column][et_pb_column type=&#8221;2_5&#8243; _builder_version=&#8221;4.16&#8243; _module_preset=&#8221;default&#8221; global_colors_info=&#8221;{}&#8221;][et_pb_image src=&#8221;https:\/\/capeco-recycling.com\/wp-content\/uploads\/2023\/04\/colorful-plastic-objects-arrangement.jpg&#8221; alt=&#8221;Recycling plastic film and packaging&#8221; _builder_version=&#8221;4.16&#8243; _module_preset=&#8221;default&#8221; global_colors_info=&#8221;{}&#8221;][\/et_pb_image][\/et_pb_column][\/et_pb_row][et_pb_row _builder_version=&#8221;4.16&#8243; _module_preset=&#8221;default&#8221; global_colors_info=&#8221;{}&#8221;][et_pb_column type=&#8221;4_4&#8243; _builder_version=&#8221;4.16&#8243; _module_preset=&#8221;default&#8221; global_colors_info=&#8221;{}&#8221;][et_pb_text _builder_version=&#8221;4.16&#8243; _module_preset=&#8221;default&#8221; global_colors_info=&#8221;{}&#8221;]<\/p>\n<p><span style=\"font-weight: 400;\">Technological advances, public and private initiatives as well as growing consumer awareness have led to an increase in the collection and recycling of plastic packaging in Europe. Discover the different aspects of plastic packaging recycling: the types of plastics used, the recycling process, the advantages and the challenges of tomorrow.<\/span><\/p>\n<p>&nbsp;<\/p>\n<h2><span style=\"font-weight: 400; color: #7cc68d;\"> What plastics are used for packaging and plastic films?<\/span><\/h2>\n<p><span style=\"font-weight: 400;\">There are many types of plastic films, stretchable, grouping, retractable, etc. They adapt according to the needs and particularities of use. They can be used to hold plastic bottles in a water pack, condition pallets or protect goods during transport. <\/span><\/p>\n<p><span style=\"font-weight: 400;\">Discover the plastics used for packaging and their properties:<\/span><\/p>\n<h3><span style=\"font-weight: 400; color: #7cc68d;\"><span style=\"font-weight: 400;\"><\/span><\/span><\/h3>\n<h3><span style=\"font-weight: 400; color: #7cc68d;\"><span style=\"font-weight: 400;\">Polyethylene (PE)<\/span><\/span><\/h3>\n<p><span style=\"font-weight: 400;\"><a href=\"https:\/\/capeco-recycling.com\/en\/how-to-recycle-polyethylene-pe\/\">Polyethylene<\/a> (PE) is a thermoplastic polymer that is often used in the manufacture of plastic films to package food or industrial products. It has many advantages, including:<\/span><\/p>\n<ol>\n<li style=\"font-weight: 400;\" aria-level=\"1\"><span style=\"font-weight: 400;\"><strong>Flexibility<\/strong>: PE is a flexible material that can be easily shaped and molded to suit different packaging shapes.<\/span><\/li>\n<li style=\"font-weight: 400;\" aria-level=\"1\"><span style=\"font-weight: 400;\"><strong>Low cost<\/strong>: PE is a relatively inexpensive material, making it a popular choice for mass packaging.<\/span><\/li>\n<li style=\"font-weight: 400;\" aria-level=\"1\"><span style=\"font-weight: 400;\"><strong>Transparency and waterproofing<\/strong>: Very often produced in the form of a transparent film, it is water and air resistant.<\/span><\/li>\n<\/ol>\n<h3><span style=\"font-weight: 400; color: #7cc68d;\"><span style=\"font-weight: 400;\"><\/span><\/span><\/h3>\n<h3><span style=\"font-weight: 400; color: #7cc68d;\"><span style=\"font-weight: 400;\">Polypropylene (PP)<\/span><\/span><\/h3>\n<p><span style=\"font-weight: 400;\">Polypropylene is also a thermoplastic polymer commonly used in the manufacture of plastic films. It is often used in food packaging, shopping bags, parcel films, etc.<\/span><\/p>\n<ol>\n<li style=\"font-weight: 400;\" aria-level=\"1\"><span style=\"font-weight: 400;\"><strong>Heat Resistance<\/strong>: PP is a heat resistant material, making it suitable for applications such as hot product packaging or use in high temperature environments.<\/span><\/li>\n<li style=\"font-weight: 400;\" aria-level=\"1\"><span style=\"font-weight: 400;\"><strong>Easy to manufacture<\/strong>: PP is easy to manufacture and process into a variety of packaging forms, such as bags, sheets or boxes.<\/span><\/li>\n<\/ol>\n<p><span style=\"font-weight: 400;\">Due to these advantages, polypropylene is widely used in the food industry, logistics, pharmaceutical industry andother sectors where strong, leakproof and recyclable packaging is required.<\/span><\/p>\n<p><span style=\"font-weight: 400;\"><\/span><\/p>\n<h3><span style=\"font-weight: 400; color: #7cc68d;\"><span style=\"font-weight: 400;\">Polystyrene (PS)<\/span><\/span><\/h3>\n<p><span style=\"font-weight: 400;\">PS is used for food packaging, such as trays and lids. It can be recycled using a process called pyrolysis, which uses heat to break down plastic into basic chemicals.<\/span><\/p>\n<p><span style=\"font-weight: 400;\"><\/span><\/p>\n<h3><span style=\"font-weight: 400; color: #7cc68d;\"><span style=\"font-weight: 400;\">Polyvinyl chloride (PVC)<\/span><\/span><\/h3>\n<h3><\/h3>\n<p><span style=\"font-weight: 400;\">PVC is used for food packaging, shrink film and bottles. It can be recycled, but this can be difficult because it may contain additives that make it difficult to recycle. Recycling PVC is also controversial due to the potentially hazardous emissions that can be produced during the process.<\/span><\/p>\n<p><span style=\"font-weight: 400;\"><\/span><\/p>\n<h3><span style=\"font-weight: 400; color: #7cc68d;\"><span style=\"font-weight: 400;\">PET (polyethylene terephthalate)<\/span><\/span><\/h3>\n<p><span style=\"font-weight: 400;\">PET is commonly used for plastic beverage bottles, food packaging and films. It can be recycled using sorting and washing techniques similar to PE.<\/span><\/p>\n<p>&nbsp;<\/p>\n<h2><span style=\"font-weight: 400; color: #7cc68d;\">What is the difference between stretch film and shrink film?<\/span><\/h2>\n<p><span style=\"font-weight: 400;\">Stretch film is mainly used for packaging pallets and protecting products to be transported. As for the shrink film, it is first heated to conform to the shape of an object. Then it is shrunk and welded. The latter is particularly suitable for packaging products with irregular shapes. It also has the advantage of being very resistant to bad weather (as well as UV and strong temperature variations).<\/span><\/p>\n<p>&nbsp;<\/p>\n<h2><span style=\"font-weight: 400; color: #7cc68d;\">Packaging recycling: the steps<\/span><\/h2>\n<p><span style=\"font-weight: 400;\">Plastic packaging recycling is a process that transforms plastic waste into new products. Here are the key stages in the recycling process:<\/span><\/p>\n<ol>\n<li style=\"font-weight: 400;\" aria-level=\"1\"><span style=\"font-weight: 400;\"><a href=\"https:\/\/capeco-recycling.com\/en\/collection-and-purchase-of-plastic-materials\/\">Collection<\/a>: Plastic packaging is collected in recycling bins or dedicated containers. Sorting centers can also sort recyclable waste.<\/span><\/li>\n<li style=\"font-weight: 400;\" aria-level=\"1\"><span style=\"font-weight: 400;\">Sorting: Plastic packaging is sorted according to its type of plastic (PET, HDPE, PVC, etc.) and its color. Sorting can be done manually or with machines.<\/span><\/li>\n<li style=\"font-weight: 400;\" aria-level=\"1\"><span style=\"font-weight: 400;\">Washing: Plastic packaging is washed to remove any contamination, impurities that can affect recycling as well as other unwanted or non-recyclable materials.<\/span><\/li>\n<li style=\"font-weight: 400;\" aria-level=\"1\"><span style=\"font-weight: 400;\"><a href=\"https:\/\/capeco-recycling.com\/en\/industrial-plastic-grinding-stages\/\">Grinding<\/a>: Plastic packaging is crushed into small pieces or granules, which facilitates further processing.<\/span><\/li>\n<li style=\"font-weight: 400;\" aria-level=\"1\"><span style=\"font-weight: 400;\">Regeneration: The crushed plastic is melted at high temperature, filtered and molded into pellets or sheets.<\/span><\/li>\n<li style=\"font-weight: 400;\" aria-level=\"1\"><span style=\"font-weight: 400;\">Manufacturing: The pellets or sheets are used to make new plastic products such as bottles, bags, pipes, etc<\/span><\/li>\n<\/ol>\n<p>&nbsp;<\/p>\n<h2><span style=\"font-weight: 400; color: #7cc68d;\">The challenges of recycling industrial packaging<\/span><\/h2>\n<p><span style=\"font-weight: 400;\">Recycling post-industrial and post-commercial plastic packaging, compared to recycling household plastics, can present several challenges, including:<\/span><\/p>\n<ol>\n<li style=\"font-weight: 400;\" aria-level=\"1\"><span style=\"font-weight: 400;\">The complexity of the composition: Industrial plastic packaging can be made from different types of plastics, composite materials and additives. These components can make recycling more difficult and complex, as they require more advanced sorting and processing technologies.<\/span><\/li>\n<li style=\"font-weight: 400;\" aria-level=\"1\"><span style=\"font-weight: 400;\">Contamination: Industrial plastic packaging can be contaminated by chemical residues, organic or inorganic contaminants, or foreign materials, which can compromise the quality of recycled materials.<\/span><\/li>\n<li style=\"font-weight: 400;\" aria-level=\"1\"><span style=\"font-weight: 400;\">Quantity: Industrial plastic packaging is often produced in large quantities, which can lead to storage and processing problems when recycling.<\/span><\/li>\n<li style=\"font-weight: 400;\" aria-level=\"1\"><span style=\"font-weight: 400;\">Cost: The cost of recycling industrial plastic packaging can be high due to the investment required in advanced sorting and processing equipment, as well as transportation and processing costs.<\/span><\/li>\n<li style=\"font-weight: 400;\" aria-level=\"1\"><span style=\"font-weight: 400;\">Regulations: Local and national regulations may vary regarding the recycling of industrial plastic packaging. <\/span><\/li>\n<\/ol>\n<p>&nbsp;<\/p>\n<p><span style=\"font-weight: 400;\">These challenges make the recycling of industrial plastic packaging more difficult than that of household plastic packaging. <\/span><\/p>\n<blockquote>\n<p><span style=\"font-weight: 400;\">In Europe, the recycling rate of plastic films increased from 47.7% in 2016 to 50.2% in 2018 (Source: <a href=\"https:\/\/plasticseurope.org\/fr\/\" target=\"_blank\" rel=\"noopener\">PlasticsEurope<\/a>).<\/span><\/p>\n<\/blockquote>\n<p>&nbsp;<\/p>\n<p>[\/et_pb_text][\/et_pb_column][\/et_pb_row][\/et_pb_section]<\/p>\n","protected":false},"excerpt":{"rendered":"<p>Recycling plastic packaging has become a major ecological issue. Indeed, in Europe for example, around 40% of plastic waste comes from packaging. Recycling plastic packaging has many advantages: 1 &#8211; It saves natural resources 2 \u2013 It reduces greenhouse gas emissions 3 \u2013 It creates jobs in recycling industries 4 \u2013 It reduces pollution and [&hellip;]<\/p>\n","protected":false},"author":7,"featured_media":0,"parent":0,"menu_order":0,"comment_status":"closed","ping_status":"closed","template":"","meta":{"_et_pb_use_builder":"on","_et_pb_old_content":"","_et_gb_content_width":"","footnotes":""},"class_list":["post-1553","page","type-page","status-publish","hentry"],"yoast_head":"<!-- This site is optimized with the Yoast SEO plugin v27.2 - https:\/\/yoast.com\/product\/yoast-seo-wordpress\/ -->\n<title>Plastic film and packaging recycling | Cap Eco Recycling<\/title>\n<meta name=\"description\" content=\"Find out how plastic packaging recycling works, the different stages in the process and the types of plastic.\" \/>\n<meta name=\"robots\" content=\"index, follow, max-snippet:-1, max-image-preview:large, max-video-preview:-1\" \/>\n<link rel=\"canonical\" href=\"https:\/\/capeco-recycling.com\/en\/recycling-plastic-packaging-how-does-it-work\/\" \/>\n<meta property=\"og:locale\" content=\"en_US\" \/>\n<meta property=\"og:type\" content=\"article\" \/>\n<meta property=\"og:title\" content=\"Plastic film and packaging recycling | Cap Eco Recycling\" \/>\n<meta property=\"og:description\" content=\"Find out how plastic packaging recycling works, the different stages in the process and the types of plastic.\" \/>\n<meta property=\"og:url\" content=\"https:\/\/capeco-recycling.com\/en\/recycling-plastic-packaging-how-does-it-work\/\" \/>\n<meta property=\"og:site_name\" content=\"Capeco Recycling\" \/>\n<meta property=\"article:modified_time\" content=\"2023-09-27T14:09:12+00:00\" \/>\n<meta name=\"twitter:card\" content=\"summary_large_image\" \/>\n<meta name=\"twitter:label1\" content=\"Est. reading time\" \/>\n\t<meta name=\"twitter:data1\" content=\"7 minutes\" \/>\n<script type=\"application\/ld+json\" class=\"yoast-schema-graph\">{\"@context\":\"https:\/\/schema.org\",\"@graph\":[{\"@type\":\"WebPage\",\"@id\":\"https:\/\/capeco-recycling.com\/en\/recycling-plastic-packaging-how-does-it-work\/\",\"url\":\"https:\/\/capeco-recycling.com\/en\/recycling-plastic-packaging-how-does-it-work\/\",\"name\":\"Plastic film and packaging recycling | Cap Eco Recycling\",\"isPartOf\":{\"@id\":\"https:\/\/capeco-recycling.com\/en\/#website\"},\"datePublished\":\"2023-04-24T12:15:34+00:00\",\"dateModified\":\"2023-09-27T14:09:12+00:00\",\"description\":\"Find out how plastic packaging recycling works, the different stages in the process and the types of plastic.\",\"breadcrumb\":{\"@id\":\"https:\/\/capeco-recycling.com\/en\/recycling-plastic-packaging-how-does-it-work\/#breadcrumb\"},\"inLanguage\":\"en-US\",\"potentialAction\":[{\"@type\":\"ReadAction\",\"target\":[\"https:\/\/capeco-recycling.com\/en\/recycling-plastic-packaging-how-does-it-work\/\"]}]},{\"@type\":\"BreadcrumbList\",\"@id\":\"https:\/\/capeco-recycling.com\/en\/recycling-plastic-packaging-how-does-it-work\/#breadcrumb\",\"itemListElement\":[{\"@type\":\"ListItem\",\"position\":1,\"name\":\"Accueil\",\"item\":\"https:\/\/capeco-recycling.com\/en\/\"},{\"@type\":\"ListItem\",\"position\":2,\"name\":\"Recycling plastic packaging: how does it work?\"}]},{\"@type\":\"WebSite\",\"@id\":\"https:\/\/capeco-recycling.com\/en\/#website\",\"url\":\"https:\/\/capeco-recycling.com\/en\/\",\"name\":\"Capeco Recycling\",\"description\":\"N\u00e9gociant en mati\u00e8res plastiques et gestion globale des d\u00e9chets\",\"publisher\":{\"@id\":\"https:\/\/capeco-recycling.com\/en\/#organization\"},\"potentialAction\":[{\"@type\":\"SearchAction\",\"target\":{\"@type\":\"EntryPoint\",\"urlTemplate\":\"https:\/\/capeco-recycling.com\/en\/?s={search_term_string}\"},\"query-input\":{\"@type\":\"PropertyValueSpecification\",\"valueRequired\":true,\"valueName\":\"search_term_string\"}}],\"inLanguage\":\"en-US\"},{\"@type\":\"Organization\",\"@id\":\"https:\/\/capeco-recycling.com\/en\/#organization\",\"name\":\"Capeco Recycling\",\"url\":\"https:\/\/capeco-recycling.com\/en\/\",\"logo\":{\"@type\":\"ImageObject\",\"inLanguage\":\"en-US\",\"@id\":\"https:\/\/capeco-recycling.com\/en\/#\/schema\/logo\/image\/\",\"url\":\"https:\/\/capeco-recycling.com\/wp-content\/uploads\/2021\/09\/logo.png\",\"contentUrl\":\"https:\/\/capeco-recycling.com\/wp-content\/uploads\/2021\/09\/logo.png\",\"width\":773,\"height\":217,\"caption\":\"Capeco Recycling\"},\"image\":{\"@id\":\"https:\/\/capeco-recycling.com\/en\/#\/schema\/logo\/image\/\"}}]}<\/script>\n<!-- \/ Yoast SEO plugin. -->","yoast_head_json":{"title":"Plastic film and packaging recycling | Cap Eco Recycling","description":"Find out how plastic packaging recycling works, the different stages in the process and the types of plastic.","robots":{"index":"index","follow":"follow","max-snippet":"max-snippet:-1","max-image-preview":"max-image-preview:large","max-video-preview":"max-video-preview:-1"},"canonical":"https:\/\/capeco-recycling.com\/en\/recycling-plastic-packaging-how-does-it-work\/","og_locale":"en_US","og_type":"article","og_title":"Plastic film and packaging recycling | Cap Eco Recycling","og_description":"Find out how plastic packaging recycling works, the different stages in the process and the types of plastic.","og_url":"https:\/\/capeco-recycling.com\/en\/recycling-plastic-packaging-how-does-it-work\/","og_site_name":"Capeco Recycling","article_modified_time":"2023-09-27T14:09:12+00:00","twitter_card":"summary_large_image","twitter_misc":{"Est. reading time":"7 minutes"},"schema":{"@context":"https:\/\/schema.org","@graph":[{"@type":"WebPage","@id":"https:\/\/capeco-recycling.com\/en\/recycling-plastic-packaging-how-does-it-work\/","url":"https:\/\/capeco-recycling.com\/en\/recycling-plastic-packaging-how-does-it-work\/","name":"Plastic film and packaging recycling | Cap Eco Recycling","isPartOf":{"@id":"https:\/\/capeco-recycling.com\/en\/#website"},"datePublished":"2023-04-24T12:15:34+00:00","dateModified":"2023-09-27T14:09:12+00:00","description":"Find out how plastic packaging recycling works, the different stages in the process and the types of plastic.","breadcrumb":{"@id":"https:\/\/capeco-recycling.com\/en\/recycling-plastic-packaging-how-does-it-work\/#breadcrumb"},"inLanguage":"en-US","potentialAction":[{"@type":"ReadAction","target":["https:\/\/capeco-recycling.com\/en\/recycling-plastic-packaging-how-does-it-work\/"]}]},{"@type":"BreadcrumbList","@id":"https:\/\/capeco-recycling.com\/en\/recycling-plastic-packaging-how-does-it-work\/#breadcrumb","itemListElement":[{"@type":"ListItem","position":1,"name":"Accueil","item":"https:\/\/capeco-recycling.com\/en\/"},{"@type":"ListItem","position":2,"name":"Recycling plastic packaging: how does it work?"}]},{"@type":"WebSite","@id":"https:\/\/capeco-recycling.com\/en\/#website","url":"https:\/\/capeco-recycling.com\/en\/","name":"Capeco Recycling","description":"N\u00e9gociant en mati\u00e8res plastiques et gestion globale des d\u00e9chets","publisher":{"@id":"https:\/\/capeco-recycling.com\/en\/#organization"},"potentialAction":[{"@type":"SearchAction","target":{"@type":"EntryPoint","urlTemplate":"https:\/\/capeco-recycling.com\/en\/?s={search_term_string}"},"query-input":{"@type":"PropertyValueSpecification","valueRequired":true,"valueName":"search_term_string"}}],"inLanguage":"en-US"},{"@type":"Organization","@id":"https:\/\/capeco-recycling.com\/en\/#organization","name":"Capeco Recycling","url":"https:\/\/capeco-recycling.com\/en\/","logo":{"@type":"ImageObject","inLanguage":"en-US","@id":"https:\/\/capeco-recycling.com\/en\/#\/schema\/logo\/image\/","url":"https:\/\/capeco-recycling.com\/wp-content\/uploads\/2021\/09\/logo.png","contentUrl":"https:\/\/capeco-recycling.com\/wp-content\/uploads\/2021\/09\/logo.png","width":773,"height":217,"caption":"Capeco Recycling"},"image":{"@id":"https:\/\/capeco-recycling.com\/en\/#\/schema\/logo\/image\/"}}]}},"_links":{"self":[{"href":"https:\/\/capeco-recycling.com\/en\/wp-json\/wp\/v2\/pages\/1553","targetHints":{"allow":["GET"]}}],"collection":[{"href":"https:\/\/capeco-recycling.com\/en\/wp-json\/wp\/v2\/pages"}],"about":[{"href":"https:\/\/capeco-recycling.com\/en\/wp-json\/wp\/v2\/types\/page"}],"author":[{"embeddable":true,"href":"https:\/\/capeco-recycling.com\/en\/wp-json\/wp\/v2\/users\/7"}],"replies":[{"embeddable":true,"href":"https:\/\/capeco-recycling.com\/en\/wp-json\/wp\/v2\/comments?post=1553"}],"version-history":[{"count":2,"href":"https:\/\/capeco-recycling.com\/en\/wp-json\/wp\/v2\/pages\/1553\/revisions"}],"predecessor-version":[{"id":1555,"href":"https:\/\/capeco-recycling.com\/en\/wp-json\/wp\/v2\/pages\/1553\/revisions\/1555"}],"wp:attachment":[{"href":"https:\/\/capeco-recycling.com\/en\/wp-json\/wp\/v2\/media?parent=1553"}],"curies":[{"name":"wp","href":"https:\/\/api.w.org\/{rel}","templated":true}]}}