{"id":1543,"date":"2023-04-24T14:15:34","date_gmt":"2023-04-24T12:15:34","guid":{"rendered":"https:\/\/capeco-recycling.com\/industrial-plastic-grinding-stages\/"},"modified":"2023-09-27T12:28:50","modified_gmt":"2023-09-27T10:28:50","slug":"industrial-plastic-grinding-stages","status":"publish","type":"page","link":"https:\/\/capeco-recycling.com\/en\/industrial-plastic-grinding-stages\/","title":{"rendered":"Industrial plastic grinding stages"},"content":{"rendered":"<p>[et_pb_section fb_built=&#8221;1&#8243; custom_padding_last_edited=&#8221;on|tablet&#8221; disabled_on=&#8221;off|off|off&#8221; admin_label=&#8221;Header Section&#8221; module_id=&#8221;presentation&#8221; _builder_version=&#8221;4.16&#8243; use_background_color_gradient=&#8221;on&#8221; background_color_gradient_stops=&#8221;rgba(20,61,88,0.65) 0%|gcid-c2e2dee7-b8e8-4c04-af6b-387859c2f3f2 100%&#8221; background_color_gradient_overlays_image=&#8221;on&#8221; background_color_gradient_start=&#8221;rgba(20,61,88,0.65)&#8221; background_color_gradient_end=&#8221;gcid-c2e2dee7-b8e8-4c04-af6b-387859c2f3f2&#8243; background_image=&#8221;http:\/\/preprod.capeco-recycling.com\/wp-content\/uploads\/2021\/09\/font-1.jpg&#8221; custom_margin=&#8221;|||&#8221; custom_padding=&#8221;100px||100px||true|false&#8221; custom_padding_tablet=&#8221;||||false|false&#8221; custom_padding_phone=&#8221;||||false|false&#8221; top_divider_height=&#8221;102px&#8221; bottom_divider_style=&#8221;arrow3&#8243; bottom_divider_color=&#8221;gcid-c2e2dee7-b8e8-4c04-af6b-387859c2f3f2&#8243; bottom_divider_height=&#8221;64px&#8221; bottom_divider_height_tablet=&#8221;30px&#8221; bottom_divider_height_phone=&#8221;&#8221; bottom_divider_height_last_edited=&#8221;on|tablet&#8221; animation_style=&#8221;slide&#8221; animation_direction=&#8221;top&#8221; animation_intensity_slide=&#8221;4%&#8221; animation_starting_opacity=&#8221;100%&#8221; locked=&#8221;off&#8221; global_colors_info=&#8221;{%22gcid-c2e2dee7-b8e8-4c04-af6b-387859c2f3f2%22:%91%22bottom_divider_color%22%93}&#8221;][et_pb_row _builder_version=&#8221;4.16&#8243; _module_preset=&#8221;default&#8221; min_height=&#8221;85px&#8221; custom_margin=&#8221;||||false|false&#8221; custom_padding=&#8221;||||false|false&#8221; global_colors_info=&#8221;{}&#8221;][et_pb_column type=&#8221;4_4&#8243; _builder_version=&#8221;4.16&#8243; _module_preset=&#8221;default&#8221; global_colors_info=&#8221;{}&#8221;][et_pb_text _builder_version=&#8221;4.16&#8243; _dynamic_attributes=&#8221;content&#8221; _module_preset=&#8221;default&#8221; header_font=&#8221;|700||on|||||&#8221; header_text_align=&#8221;center&#8221; header_text_color=&#8221;#FFFFFF&#8221; header_2_text_align=&#8221;center&#8221; header_2_text_color=&#8221;#FFFFFF&#8221; header_2_text_shadow_style=&#8221;preset1&#8243; locked=&#8221;off&#8221; global_colors_info=&#8221;{}&#8221;]@ET-DC@eyJkeW5hbWljIjp0cnVlLCJjb250ZW50IjoicG9zdF90aXRsZSIsInNldHRpbmdzIjp7ImJlZm9yZSI6IjxoMT4iLCJhZnRlciI6IjxcL2gxPiJ9fQ==@[\/et_pb_text][\/et_pb_column][\/et_pb_row][\/et_pb_section][et_pb_section fb_built=&#8221;1&#8243; _builder_version=&#8221;4.16&#8243; _module_preset=&#8221;default&#8221; global_colors_info=&#8221;{}&#8221;][et_pb_row _builder_version=&#8221;4.16&#8243; _module_preset=&#8221;default&#8221; custom_padding=&#8221;1px|||||&#8221; global_colors_info=&#8221;{}&#8221;][et_pb_column type=&#8221;4_4&#8243; _builder_version=&#8221;4.16&#8243; _module_preset=&#8221;default&#8221; global_colors_info=&#8221;{}&#8221;][et_pb_text _builder_version=&#8221;4.16&#8243; _module_preset=&#8221;default&#8221; custom_padding=&#8221;24px||1px|||&#8221; global_colors_info=&#8221;{}&#8221;]<\/p>\n<p><span style=\"font-size: 17px;\">Recovering end-of-life plastics and production offcuts requires meticulous preparation. Every year, a large number of plastics are collected from industries, local authorities, plastics manufacturers and businesses, and given a new lease of life. Find out how the <a href=\"https:\/\/capeco-recycling.com\/en\/recycling-plastic-packaging-how-does-it-work\/\">industrial plastics recycling<\/a> chain works.<\/span><\/p>\n<p>&nbsp;<\/p>\n<h2><span style=\"font-weight: 400; color: #7cc68d;\">Why shred your industrial plastic waste?<\/span><\/h2>\n<p><span style=\"font-weight: 400;\">Plastics are used in many industries, for packaging, containers, transport pallets, etc. In the plastics industry, the industrial process generates production offcuts. All these elements, which can no longer be used, are considered plastic waste.<\/span><\/p>\n<p><span style=\"font-weight: 400;\">Because these plastics are unusable, they require considerable storage capacity. A specialized company can intervene directly in warehouses to collect waste in mixed trucks (several types of plastic can be collected at the same time). Properly processed in warehouses, plastic waste can be given a second life! <\/span><\/p>\n<p><b>The advantages: money-saving, time-saving, limited waste storage, everyone can concentrate on their core business.<\/b><\/p>\n<p><span style=\"font-weight: 400;\">In addition, it allows companies to participate in the plastic recycling chain, creating new secondary raw materials that can be reused.<\/span><\/p>\n<p><span style=\"font-weight: 400;\">The aim of crushing plastic is to simplify the separation of elements of different natures (organic materials, paper, dust, etc.) which cannot be completely separated manually. Subsequently, grinding makes it possible to differentiate plastics of different densities, and therefore to ensure the quality of the final material.<\/span><\/p>\n<p><span style=\"font-weight: 400;\"><\/span><\/p>\n<h2><span style=\"font-weight: 400; color: #7cc68d;\">Plastic processing: grinding, micronization, regeneration<\/span><\/h2>\n<p><span style=\"font-weight: 400;\">Plastic waste is omnipresent in industry, used for a variety of packaging products for example. To reduce their ecological impact, the process of transforming plastic materials into crushed, granular or powder has become a common solution for recycling plastic waste and giving it a new life. <\/span><\/p>\n<p><span style=\"font-weight: 400;\">Here are the 3 ways to transform plastic.<\/span><\/p>\n<p>&nbsp;<\/p>\n<p>[\/et_pb_text][\/et_pb_column][\/et_pb_row][et_pb_row column_structure=&#8221;1_3,1_3,1_3&#8243; _builder_version=&#8221;4.16&#8243; _module_preset=&#8221;default&#8221; global_colors_info=&#8221;{}&#8221;][et_pb_column type=&#8221;1_3&#8243; _builder_version=&#8221;4.16&#8243; _module_preset=&#8221;default&#8221; global_colors_info=&#8221;{}&#8221;][et_pb_text _builder_version=&#8221;4.16&#8243; _module_preset=&#8221;default&#8221; global_colors_info=&#8221;{}&#8221;]<\/p>\n<h3><span style=\"font-weight: 400; color: #7cc68d;\"><span style=\"font-weight: 400;\">Grinding<\/span><\/span><\/h3>\n<p><span style=\"font-weight: 400;\">Grinding is the first step in processing most of our plastics. The plastic waste previously collected and sorted will be crushed, making it easier to sort.<\/span><\/p>\n<p>&nbsp;<\/p>\n<p>[\/et_pb_text][\/et_pb_column][et_pb_column type=&#8221;1_3&#8243; _builder_version=&#8221;4.16&#8243; _module_preset=&#8221;default&#8221; global_colors_info=&#8221;{}&#8221;][et_pb_text _builder_version=&#8221;4.16&#8243; _module_preset=&#8221;default&#8221; global_colors_info=&#8221;{}&#8221;]<\/p>\n<h3><span style=\"font-weight: 400; color: #7cc68d;\"><span style=\"font-weight: 400;\">Micronization<\/span><\/span><\/h3>\n<p><span style=\"font-weight: 400;\">The micronization of plastic makes it possible to obtain a very fine powder via a spraying system from virgin or previously crushed manufacturing scraps.<\/span><\/p>\n<p>[\/et_pb_text][\/et_pb_column][et_pb_column type=&#8221;1_3&#8243; _builder_version=&#8221;4.16&#8243; _module_preset=&#8221;default&#8221; global_colors_info=&#8221;{}&#8221;][et_pb_text _builder_version=&#8221;4.16&#8243; _module_preset=&#8221;default&#8221; global_colors_info=&#8221;{}&#8221;]<\/p>\n<h3><span style=\"font-weight: 400; color: #7cc68d;\"><span style=\"font-weight: 400;\">Regeneration<\/span><\/span><\/h3>\n<p><span style=\"font-weight: 400;\">Regeneration (or <a href=\"https:\/\/capeco-recycling.com\/en\/all-you-need-to-know-about-plastic-pellets\/\">granulation<\/a>) is an optional step which occurs after the grinding of plastic materials. At high temperature and in liquid form, the material is homogenized and filtered to obtain plastic \u201cgranules\u201d, often considered of superior quality for reuse.<\/span><\/p>\n<p>[\/et_pb_text][\/et_pb_column][\/et_pb_row][et_pb_row column_structure=&#8221;3_5,2_5&#8243; _builder_version=&#8221;4.16&#8243; _module_preset=&#8221;default&#8221; global_colors_info=&#8221;{}&#8221;][et_pb_column type=&#8221;3_5&#8243; _builder_version=&#8221;4.16&#8243; _module_preset=&#8221;default&#8221; global_colors_info=&#8221;{}&#8221;][et_pb_text _builder_version=&#8221;4.16&#8243; _module_preset=&#8221;default&#8221; global_colors_info=&#8221;{}&#8221;]<\/p>\n<p><span style=\"font-weight: 400;\">Recycling plastic packaging has many advantages:<\/span><\/p>\n<p><span style=\"font-weight: 400;\">1 &#8211; It saves natural resources<\/span><\/p>\n<p><span style=\"font-weight: 400;\">2 \u2013 It reduces greenhouse gas emissions<\/span><\/p>\n<p><span style=\"font-weight: 400;\">3 \u2013 It creates jobs in recycling industries<\/span><\/p>\n<p><span style=\"font-weight: 400;\">4 \u2013 It reduces pollution and helps preserve our environment<\/span><\/p>\n<p>[\/et_pb_text][\/et_pb_column][et_pb_column type=&#8221;2_5&#8243; _builder_version=&#8221;4.16&#8243; _module_preset=&#8221;default&#8221; global_colors_info=&#8221;{}&#8221;][et_pb_image src=&#8221;https:\/\/capeco-recycling.com\/wp-content\/uploads\/2023\/04\/abstract-icon-representing-ecological-call-recycle-reuse-form-pond-with-recycling-symbol-middle-beautiful-untouched-jungle-3d-rendering-1.jpg&#8221; alt=&#8221;Plastic crushing and processing&#8221; _builder_version=&#8221;4.16&#8243; _module_preset=&#8221;default&#8221; global_colors_info=&#8221;{}&#8221;][\/et_pb_image][\/et_pb_column][\/et_pb_row][et_pb_row _builder_version=&#8221;4.16&#8243; _module_preset=&#8221;default&#8221; global_colors_info=&#8221;{}&#8221;][et_pb_column type=&#8221;4_4&#8243; _builder_version=&#8221;4.16&#8243; _module_preset=&#8221;default&#8221; global_colors_info=&#8221;{}&#8221;][et_pb_text _builder_version=&#8221;4.16&#8243; _module_preset=&#8221;default&#8221; global_colors_info=&#8221;{}&#8221;]<\/p>\n<p><span style=\"font-weight: 400;\">Technological advances, public and private initiatives as well as growing consumer awareness have led to an increase in the collection and recycling of plastic packaging in Europe. Discover the different aspects of plastic packaging recycling: the types of plastics used, the recycling process, the advantages and the challenges of tomorrow.<\/span><\/p>\n<p>[\/et_pb_text][\/et_pb_column][\/et_pb_row][et_pb_row _builder_version=&#8221;4.16&#8243; _module_preset=&#8221;default&#8221; global_colors_info=&#8221;{}&#8221;][et_pb_column type=&#8221;4_4&#8243; _builder_version=&#8221;4.16&#8243; _module_preset=&#8221;default&#8221; global_colors_info=&#8221;{}&#8221;][et_pb_text _builder_version=&#8221;4.16&#8243; _module_preset=&#8221;default&#8221; global_colors_info=&#8221;{}&#8221;]<\/p>\n<h2><span style=\"font-weight: 400; color: #7cc68d;\">The recycling process<\/span><\/h2>\n<p><span style=\"font-weight: 400; color: #7cc68d;\"><\/span><\/p>\n<h3><span style=\"color: #7cc68d;\"><span style=\"font-weight: 400;\">Demetallization<\/span><\/span><\/h3>\n<p><span style=\"font-weight: 400;\">Plastic demetallization is the process of separating metal elements from plastic waste. Without this step, many plastic waste cannot be recycled. This step is done using powerful magnets, eddy currents, etc. depending on the metals to be treated.<\/span><\/p>\n<p>&nbsp;<\/p>\n<h3><span style=\"font-weight: 400; color: #7cc68d;\">Dusting<\/span><\/h3>\n<p><span style=\"font-weight: 400;\">During the grinding process, the residues of glue, fine particles, dust and other dirt are vacuumed up and can be eliminated, for optimal quality.<\/span><\/p>\n<p>&nbsp;<\/p>\n<h3><span style=\"font-weight: 400; color: #7cc68d;\">Homogenization<\/span><\/h3>\n<p><span style=\"font-weight: 400;\">As crushed plastic comes from multiple batches of waste with similar but not uniform technical characteristics, it may be necessary to use a homogenization silo (mechanical mixing for several hours) to smooth out the technical characteristics of the bigbags sold.<\/span><\/p>\n<p>&nbsp;<\/p>\n<h3><span style=\"font-weight: 400; color: #7cc68d;\">Washing \/ separation<\/span><\/h3>\n<p><span style=\"font-weight: 400;\">During the separation stage, the types of ground material are separated using a flotation system. They are thus sorted according to their density: light materials will float, while heavier ones will sink. Each plastic meets specific density criteria allowing them to be classified according to their nature.<\/span><\/p>\n<p>&nbsp;<\/p>\n<h3><span style=\"font-weight: 400; color: #7cc68d;\">Packaging in Bigbags on pallets<\/span><\/h3>\n<p><span style=\"font-weight: 400;\">Last step of the transformation? Enable fast, simple recovery of the secondary raw materials generated. Crushed recycled plastics can be packaged in bigbags on pallets for easy transport and storage. <\/span><\/p>\n<p>&nbsp;<\/p>\n<p>&nbsp;<\/p>\n<p>[\/et_pb_text][\/et_pb_column][\/et_pb_row][\/et_pb_section]<\/p>\n","protected":false},"excerpt":{"rendered":"<p>Recovering end-of-life plastics and production offcuts requires meticulous preparation. Every year, a large number of plastics are collected from industries, local authorities, plastics manufacturers and businesses, and given a new lease of life. Find out how the industrial plastics recycling chain works. &nbsp; Why shred your industrial plastic waste? Plastics are used in many industries, [&hellip;]<\/p>\n","protected":false},"author":7,"featured_media":0,"parent":0,"menu_order":0,"comment_status":"closed","ping_status":"closed","template":"","meta":{"_et_pb_use_builder":"on","_et_pb_old_content":"","_et_gb_content_width":"","footnotes":""},"class_list":["post-1543","page","type-page","status-publish","hentry"],"yoast_head":"<!-- This site is optimized with the Yoast SEO plugin v27.2 - https:\/\/yoast.com\/product\/yoast-seo-wordpress\/ -->\n<title>Plastic Grinding and Processing | Cap Eco Recycling<\/title>\n<meta name=\"description\" content=\"Plastic shredding: opt for recycled plastic shreds!\" \/>\n<meta name=\"robots\" content=\"index, follow, max-snippet:-1, max-image-preview:large, max-video-preview:-1\" \/>\n<link rel=\"canonical\" href=\"https:\/\/capeco-recycling.com\/en\/industrial-plastic-grinding-stages\/\" \/>\n<meta property=\"og:locale\" content=\"en_US\" \/>\n<meta property=\"og:type\" content=\"article\" \/>\n<meta property=\"og:title\" content=\"Plastic Grinding and Processing | Cap Eco Recycling\" \/>\n<meta property=\"og:description\" content=\"Plastic shredding: opt for recycled plastic shreds!\" \/>\n<meta property=\"og:url\" content=\"https:\/\/capeco-recycling.com\/en\/industrial-plastic-grinding-stages\/\" \/>\n<meta property=\"og:site_name\" content=\"Capeco Recycling\" \/>\n<meta property=\"article:modified_time\" content=\"2023-09-27T10:28:50+00:00\" \/>\n<meta name=\"twitter:card\" content=\"summary_large_image\" \/>\n<meta name=\"twitter:label1\" content=\"Est. reading time\" \/>\n\t<meta name=\"twitter:data1\" content=\"6 minutes\" \/>\n<script type=\"application\/ld+json\" class=\"yoast-schema-graph\">{\"@context\":\"https:\/\/schema.org\",\"@graph\":[{\"@type\":\"WebPage\",\"@id\":\"https:\/\/capeco-recycling.com\/en\/industrial-plastic-grinding-stages\/\",\"url\":\"https:\/\/capeco-recycling.com\/en\/industrial-plastic-grinding-stages\/\",\"name\":\"Plastic Grinding and Processing | Cap Eco Recycling\",\"isPartOf\":{\"@id\":\"https:\/\/capeco-recycling.com\/en\/#website\"},\"datePublished\":\"2023-04-24T12:15:34+00:00\",\"dateModified\":\"2023-09-27T10:28:50+00:00\",\"description\":\"Plastic shredding: opt for recycled plastic shreds!\",\"breadcrumb\":{\"@id\":\"https:\/\/capeco-recycling.com\/en\/industrial-plastic-grinding-stages\/#breadcrumb\"},\"inLanguage\":\"en-US\",\"potentialAction\":[{\"@type\":\"ReadAction\",\"target\":[\"https:\/\/capeco-recycling.com\/en\/industrial-plastic-grinding-stages\/\"]}]},{\"@type\":\"BreadcrumbList\",\"@id\":\"https:\/\/capeco-recycling.com\/en\/industrial-plastic-grinding-stages\/#breadcrumb\",\"itemListElement\":[{\"@type\":\"ListItem\",\"position\":1,\"name\":\"Accueil\",\"item\":\"https:\/\/capeco-recycling.com\/en\/\"},{\"@type\":\"ListItem\",\"position\":2,\"name\":\"Industrial plastic grinding stages\"}]},{\"@type\":\"WebSite\",\"@id\":\"https:\/\/capeco-recycling.com\/en\/#website\",\"url\":\"https:\/\/capeco-recycling.com\/en\/\",\"name\":\"Capeco Recycling\",\"description\":\"N\u00e9gociant en mati\u00e8res plastiques et gestion globale des d\u00e9chets\",\"publisher\":{\"@id\":\"https:\/\/capeco-recycling.com\/en\/#organization\"},\"potentialAction\":[{\"@type\":\"SearchAction\",\"target\":{\"@type\":\"EntryPoint\",\"urlTemplate\":\"https:\/\/capeco-recycling.com\/en\/?s={search_term_string}\"},\"query-input\":{\"@type\":\"PropertyValueSpecification\",\"valueRequired\":true,\"valueName\":\"search_term_string\"}}],\"inLanguage\":\"en-US\"},{\"@type\":\"Organization\",\"@id\":\"https:\/\/capeco-recycling.com\/en\/#organization\",\"name\":\"Capeco Recycling\",\"url\":\"https:\/\/capeco-recycling.com\/en\/\",\"logo\":{\"@type\":\"ImageObject\",\"inLanguage\":\"en-US\",\"@id\":\"https:\/\/capeco-recycling.com\/en\/#\/schema\/logo\/image\/\",\"url\":\"https:\/\/capeco-recycling.com\/wp-content\/uploads\/2021\/09\/logo.png\",\"contentUrl\":\"https:\/\/capeco-recycling.com\/wp-content\/uploads\/2021\/09\/logo.png\",\"width\":773,\"height\":217,\"caption\":\"Capeco Recycling\"},\"image\":{\"@id\":\"https:\/\/capeco-recycling.com\/en\/#\/schema\/logo\/image\/\"}}]}<\/script>\n<!-- \/ Yoast SEO plugin. -->","yoast_head_json":{"title":"Plastic Grinding and Processing | Cap Eco Recycling","description":"Plastic shredding: opt for recycled plastic shreds!","robots":{"index":"index","follow":"follow","max-snippet":"max-snippet:-1","max-image-preview":"max-image-preview:large","max-video-preview":"max-video-preview:-1"},"canonical":"https:\/\/capeco-recycling.com\/en\/industrial-plastic-grinding-stages\/","og_locale":"en_US","og_type":"article","og_title":"Plastic Grinding and Processing | Cap Eco Recycling","og_description":"Plastic shredding: opt for recycled plastic shreds!","og_url":"https:\/\/capeco-recycling.com\/en\/industrial-plastic-grinding-stages\/","og_site_name":"Capeco Recycling","article_modified_time":"2023-09-27T10:28:50+00:00","twitter_card":"summary_large_image","twitter_misc":{"Est. reading time":"6 minutes"},"schema":{"@context":"https:\/\/schema.org","@graph":[{"@type":"WebPage","@id":"https:\/\/capeco-recycling.com\/en\/industrial-plastic-grinding-stages\/","url":"https:\/\/capeco-recycling.com\/en\/industrial-plastic-grinding-stages\/","name":"Plastic Grinding and Processing | Cap Eco Recycling","isPartOf":{"@id":"https:\/\/capeco-recycling.com\/en\/#website"},"datePublished":"2023-04-24T12:15:34+00:00","dateModified":"2023-09-27T10:28:50+00:00","description":"Plastic shredding: opt for recycled plastic shreds!","breadcrumb":{"@id":"https:\/\/capeco-recycling.com\/en\/industrial-plastic-grinding-stages\/#breadcrumb"},"inLanguage":"en-US","potentialAction":[{"@type":"ReadAction","target":["https:\/\/capeco-recycling.com\/en\/industrial-plastic-grinding-stages\/"]}]},{"@type":"BreadcrumbList","@id":"https:\/\/capeco-recycling.com\/en\/industrial-plastic-grinding-stages\/#breadcrumb","itemListElement":[{"@type":"ListItem","position":1,"name":"Accueil","item":"https:\/\/capeco-recycling.com\/en\/"},{"@type":"ListItem","position":2,"name":"Industrial plastic grinding stages"}]},{"@type":"WebSite","@id":"https:\/\/capeco-recycling.com\/en\/#website","url":"https:\/\/capeco-recycling.com\/en\/","name":"Capeco Recycling","description":"N\u00e9gociant en mati\u00e8res plastiques et gestion globale des d\u00e9chets","publisher":{"@id":"https:\/\/capeco-recycling.com\/en\/#organization"},"potentialAction":[{"@type":"SearchAction","target":{"@type":"EntryPoint","urlTemplate":"https:\/\/capeco-recycling.com\/en\/?s={search_term_string}"},"query-input":{"@type":"PropertyValueSpecification","valueRequired":true,"valueName":"search_term_string"}}],"inLanguage":"en-US"},{"@type":"Organization","@id":"https:\/\/capeco-recycling.com\/en\/#organization","name":"Capeco Recycling","url":"https:\/\/capeco-recycling.com\/en\/","logo":{"@type":"ImageObject","inLanguage":"en-US","@id":"https:\/\/capeco-recycling.com\/en\/#\/schema\/logo\/image\/","url":"https:\/\/capeco-recycling.com\/wp-content\/uploads\/2021\/09\/logo.png","contentUrl":"https:\/\/capeco-recycling.com\/wp-content\/uploads\/2021\/09\/logo.png","width":773,"height":217,"caption":"Capeco Recycling"},"image":{"@id":"https:\/\/capeco-recycling.com\/en\/#\/schema\/logo\/image\/"}}]}},"_links":{"self":[{"href":"https:\/\/capeco-recycling.com\/en\/wp-json\/wp\/v2\/pages\/1543","targetHints":{"allow":["GET"]}}],"collection":[{"href":"https:\/\/capeco-recycling.com\/en\/wp-json\/wp\/v2\/pages"}],"about":[{"href":"https:\/\/capeco-recycling.com\/en\/wp-json\/wp\/v2\/types\/page"}],"author":[{"embeddable":true,"href":"https:\/\/capeco-recycling.com\/en\/wp-json\/wp\/v2\/users\/7"}],"replies":[{"embeddable":true,"href":"https:\/\/capeco-recycling.com\/en\/wp-json\/wp\/v2\/comments?post=1543"}],"version-history":[{"count":2,"href":"https:\/\/capeco-recycling.com\/en\/wp-json\/wp\/v2\/pages\/1543\/revisions"}],"predecessor-version":[{"id":1545,"href":"https:\/\/capeco-recycling.com\/en\/wp-json\/wp\/v2\/pages\/1543\/revisions\/1545"}],"wp:attachment":[{"href":"https:\/\/capeco-recycling.com\/en\/wp-json\/wp\/v2\/media?parent=1543"}],"curies":[{"name":"wp","href":"https:\/\/api.w.org\/{rel}","templated":true}]}}