{"id":1531,"date":"2023-04-24T14:15:34","date_gmt":"2023-04-24T12:15:34","guid":{"rendered":"https:\/\/capeco-recycling.com\/how-to-recycle-industrial-plastic-offcuts\/"},"modified":"2023-09-27T11:45:35","modified_gmt":"2023-09-27T09:45:35","slug":"how-to-recycle-industrial-plastic-offcuts","status":"publish","type":"page","link":"https:\/\/capeco-recycling.com\/en\/how-to-recycle-industrial-plastic-offcuts\/","title":{"rendered":"How to recycle industrial plastic offcuts?"},"content":{"rendered":"<p>[et_pb_section fb_built=&#8221;1&#8243; custom_padding_last_edited=&#8221;on|tablet&#8221; disabled_on=&#8221;off|off|off&#8221; admin_label=&#8221;Header Section&#8221; module_id=&#8221;presentation&#8221; _builder_version=&#8221;4.16&#8243; use_background_color_gradient=&#8221;on&#8221; background_color_gradient_stops=&#8221;rgba(20,61,88,0.65) 0%|gcid-c2e2dee7-b8e8-4c04-af6b-387859c2f3f2 100%&#8221; background_color_gradient_overlays_image=&#8221;on&#8221; background_color_gradient_start=&#8221;rgba(20,61,88,0.65)&#8221; background_color_gradient_end=&#8221;gcid-c2e2dee7-b8e8-4c04-af6b-387859c2f3f2&#8243; background_image=&#8221;http:\/\/preprod.capeco-recycling.com\/wp-content\/uploads\/2021\/09\/font-1.jpg&#8221; custom_margin=&#8221;|||&#8221; custom_padding=&#8221;100px||100px||true|false&#8221; custom_padding_tablet=&#8221;||||false|false&#8221; custom_padding_phone=&#8221;||||false|false&#8221; top_divider_height=&#8221;102px&#8221; bottom_divider_style=&#8221;arrow3&#8243; bottom_divider_color=&#8221;gcid-c2e2dee7-b8e8-4c04-af6b-387859c2f3f2&#8243; bottom_divider_height=&#8221;64px&#8221; bottom_divider_height_tablet=&#8221;30px&#8221; bottom_divider_height_phone=&#8221;&#8221; bottom_divider_height_last_edited=&#8221;on|tablet&#8221; animation_style=&#8221;slide&#8221; animation_direction=&#8221;top&#8221; animation_intensity_slide=&#8221;4%&#8221; animation_starting_opacity=&#8221;100%&#8221; locked=&#8221;off&#8221; global_colors_info=&#8221;{%22gcid-c2e2dee7-b8e8-4c04-af6b-387859c2f3f2%22:%91%22bottom_divider_color%22%93}&#8221;][et_pb_row _builder_version=&#8221;4.16&#8243; _module_preset=&#8221;default&#8221; min_height=&#8221;85px&#8221; custom_margin=&#8221;||||false|false&#8221; custom_padding=&#8221;||||false|false&#8221; global_colors_info=&#8221;{}&#8221;][et_pb_column type=&#8221;4_4&#8243; _builder_version=&#8221;4.16&#8243; _module_preset=&#8221;default&#8221; global_colors_info=&#8221;{}&#8221;][et_pb_text admin_label=&#8221;Texte&#8221; _builder_version=&#8221;4.16&#8243; _dynamic_attributes=&#8221;content&#8221; _module_preset=&#8221;default&#8221; header_font=&#8221;|700||on|||||&#8221; header_text_align=&#8221;center&#8221; header_text_color=&#8221;#FFFFFF&#8221; header_2_text_align=&#8221;center&#8221; header_2_text_color=&#8221;#FFFFFF&#8221; header_2_text_shadow_style=&#8221;preset1&#8243; locked=&#8221;off&#8221; global_colors_info=&#8221;{}&#8221;]@ET-DC@eyJkeW5hbWljIjp0cnVlLCJjb250ZW50IjoicG9zdF90aXRsZSIsInNldHRpbmdzIjp7ImJlZm9yZSI6IjxoMT4iLCJhZnRlciI6IjxcL2gxPiJ9fQ==@[\/et_pb_text][\/et_pb_column][\/et_pb_row][\/et_pb_section][et_pb_section fb_built=&#8221;1&#8243; _builder_version=&#8221;4.16&#8243; _module_preset=&#8221;default&#8221; global_colors_info=&#8221;{}&#8221;][et_pb_row _builder_version=&#8221;4.16&#8243; _module_preset=&#8221;default&#8221; global_colors_info=&#8221;{}&#8221;][et_pb_column type=&#8221;4_4&#8243; _builder_version=&#8221;4.16&#8243; _module_preset=&#8221;default&#8221; global_colors_info=&#8221;{}&#8221;][et_pb_text _builder_version=&#8221;4.16&#8243; _module_preset=&#8221;default&#8221; global_colors_info=&#8221;{}&#8221;]<\/p>\n<p>The manufacturing of products in the industrial sector generates plastic waste. It is essential that this waste and offcuts be <a href=\"https:\/\/capeco-recycling.com\/en\/recycling-plastic-packaging-how-does-it-work\/\">recycled<\/a>.<\/p>\n<p>&nbsp;<\/p>\n<h2><span style=\"font-weight: 400; color: #7cc68d;\"><span style=\"font-weight: 400;\">The different production offcuts<\/span><\/span><\/h2>\n<p>\u201cProduction offcuts\u201d means plastic leftovers following the manufacturing of a set of products. Here are the different forms that these falls can take.<\/p>\n<p>[\/et_pb_text][\/et_pb_column][\/et_pb_row][et_pb_row column_structure=&#8221;1_4,1_4,1_4,1_4&#8243; _builder_version=&#8221;4.22.1&#8243; _module_preset=&#8221;default&#8221; global_colors_info=&#8221;{}&#8221;][et_pb_column type=&#8221;1_4&#8243; _builder_version=&#8221;4.22.1&#8243; _module_preset=&#8221;default&#8221; global_colors_info=&#8221;{}&#8221;][et_pb_text _builder_version=&#8221;4.22.1&#8243; _module_preset=&#8221;default&#8221; global_colors_info=&#8221;{}&#8221;]<\/p>\n<h3><span style=\"font-weight: 400; color: #7cc68d;\"><span style=\"font-weight: 400;\">Purges<\/span><\/span><\/h3>\n<p>This is a quantity of plastic that is discharged from the injection machine before regular production begins, to ensure that the mold is filled correctly; and at the end of production to empty the molds and the feed channels.<\/p>\n<p>[\/et_pb_text][\/et_pb_column][et_pb_column type=&#8221;1_4&#8243; _builder_version=&#8221;4.22.1&#8243; _module_preset=&#8221;default&#8221; global_colors_info=&#8221;{}&#8221;][et_pb_text _builder_version=&#8221;4.22.1&#8243; _module_preset=&#8221;default&#8221; global_colors_info=&#8221;{}&#8221;]<\/p>\n<h3><span style=\"font-weight: 400; color: #7cc68d;\"><span style=\"font-weight: 400;\">Sprues<\/span><\/span><\/h3>\n<p>The sprues are pieces of plastic that remained in the mold after the main product was extracted.<\/p>\n<p>[\/et_pb_text][\/et_pb_column][et_pb_column type=&#8221;1_4&#8243; _builder_version=&#8221;4.22.1&#8243; _module_preset=&#8221;default&#8221; global_colors_info=&#8221;{}&#8221;][et_pb_text _builder_version=&#8221;4.22.1&#8243; _module_preset=&#8221;default&#8221; global_colors_info=&#8221;{}&#8221;]<\/p>\n<h3><span style=\"font-weight: 400; color: #7cc68d;\"><span style=\"font-weight: 400;\">Rejects \/ Decommissioned<\/span><\/span><\/h3>\n<p>Rejects are parts that have failed quality tests and are therefore unsaleable. They do not comply with the specifications and the raw material is therefore \u201clost\u201d and can be recycled.<\/p>\n<p>[\/et_pb_text][\/et_pb_column][et_pb_column type=&#8221;1_4&#8243; _builder_version=&#8221;4.22.1&#8243; _module_preset=&#8221;default&#8221; global_colors_info=&#8221;{}&#8221;][et_pb_text _builder_version=&#8221;4.22.1&#8243; _module_preset=&#8221;default&#8221; global_colors_info=&#8221;{}&#8221;]<\/p>\n<h3><span style=\"font-weight: 400; color: #7cc68d;\"><span style=\"font-weight: 400;\">Coils<\/span><\/span><\/h3>\n<p>Coils are production off-cuts in the form of plastic rolls. They are produced during the manufacture of plastic films for packaging or protection. These may be end of series or non-compliant coils.<\/p>\n<p>[\/et_pb_text][\/et_pb_column][\/et_pb_row][et_pb_row column_structure=&#8221;1_4,1_4,1_4,1_4&#8243; _builder_version=&#8221;4.22.1&#8243; _module_preset=&#8221;default&#8221; global_colors_info=&#8221;{}&#8221;][et_pb_column type=&#8221;1_4&#8243; _builder_version=&#8221;4.22.1&#8243; _module_preset=&#8221;default&#8221; global_colors_info=&#8221;{}&#8221;][et_pb_image src=&#8221;https:\/\/capeco-recycling.com\/wp-content\/uploads\/2023\/09\/Tapis-roulant-recyclage-dechets-plastiques.png&#8221; alt=&#8221;Conveyor belt in a waste recycling plant&#8221; title_text=&#8221;Plastic waste recycling conveyor&#8221; _builder_version=&#8221;4.22.1&#8243; _module_preset=&#8221;default&#8221; global_colors_info=&#8221;{}&#8221;][\/et_pb_image][\/et_pb_column][et_pb_column type=&#8221;1_4&#8243; _builder_version=&#8221;4.22.1&#8243; _module_preset=&#8221;default&#8221; global_colors_info=&#8221;{}&#8221;][et_pb_text _builder_version=&#8221;4.22.1&#8243; _module_preset=&#8221;default&#8221; global_colors_info=&#8221;{}&#8221;]<\/p>\n<h3><span style=\"font-weight: 400; color: #7cc68d;\"><span style=\"font-weight: 400;\">Bales<\/span><\/span><\/h3>\n<p>Bales are production off-cuts that have been compacted to reduce their volume. They are produced during the manufacture of plastic products such as bottles or containers.<\/p>\n<p>&nbsp;<\/p>\n<p>[\/et_pb_text][\/et_pb_column][et_pb_column type=&#8221;1_4&#8243; _builder_version=&#8221;4.22.1&#8243; _module_preset=&#8221;default&#8221; global_colors_info=&#8221;{}&#8221;][et_pb_text _builder_version=&#8221;4.22.1&#8243; _module_preset=&#8221;default&#8221; global_colors_info=&#8221;{}&#8221;]<\/p>\n<h3><span style=\"font-weight: 400; color: #7cc68d;\"><span style=\"font-weight: 400;\">Skeletons<\/span><\/span><\/h3>\n<p>Skeletons are production off-cuts that remain after cutting plastic parts.<\/p>\n<p>&nbsp;<\/p>\n<p>[\/et_pb_text][\/et_pb_column][et_pb_column type=&#8221;1_4&#8243; _builder_version=&#8221;4.22.1&#8243; _module_preset=&#8221;default&#8221; global_colors_info=&#8221;{}&#8221;][et_pb_text _builder_version=&#8221;4.22.1&#8243; _module_preset=&#8221;default&#8221; global_colors_info=&#8221;{}&#8221;]<\/p>\n<h3><span style=\"font-weight: 400; color: #7cc68d;\"><span style=\"font-weight: 400;\">Cutouts<\/span><\/span><\/h3>\n<p>Cutouts are pieces of plastic cut during the production of plastic products, such as packaging or plastic sheets.<\/p>\n<p>[\/et_pb_text][\/et_pb_column][\/et_pb_row][et_pb_row _builder_version=&#8221;4.16&#8243; _module_preset=&#8221;default&#8221; custom_padding=&#8221;21px|||||&#8221; global_colors_info=&#8221;{}&#8221;][et_pb_column type=&#8221;4_4&#8243; _builder_version=&#8221;4.16&#8243; _module_preset=&#8221;default&#8221; global_colors_info=&#8221;{}&#8221;][et_pb_text _builder_version=&#8221;4.16&#8243; _module_preset=&#8221;default&#8221; custom_padding=&#8221;||1px|||&#8221; global_colors_info=&#8221;{}&#8221;]<\/p>\n<h2><span style=\"font-weight: 400; color: #7cc68d;\"><span style=\"font-weight: 400;\">Collect production off-cuts<\/span><\/span><\/h2>\n<p>The implementation of an efficient system for collecting plastic production scraps on a factory production line is essential. It helps <strong>minimize waste and maximize recycling<\/strong> and reuse possibilities.<\/p>\n<p>Here are some systems to consider for collecting plastic production scraps.<\/p>\n<p>&nbsp;<\/p>\n<h3><span style=\"font-weight: 400; color: #7cc68d;\"><span style=\"font-weight: 400;\">Collection bins<\/span><\/span><\/h3>\n<p>Collection bins can be placed in strategic locations on the production line to allow operators to place production off-cuts directly into the bins. Bins must be clearly identified and easily accessible.<\/p>\n<p>&nbsp;<\/p>\n<h3><span style=\"font-weight: 400; color: #7cc68d;\"><span style=\"font-weight: 400;\">Conveying systems<\/span><\/span><\/h3>\n<p>Conveyors can be installed to transport plastic production scraps to central collection bins or storage containers. Conveyors can be automated or manual depending on factory size and production volumes. Depending on the industry, the conveyor system can be supplemented by vacuuming the cuts on lines, for example.<\/p>\n<p>&nbsp;<\/p>\n<h3><span style=\"font-weight: 400; color: #7cc68d;\"><span style=\"font-weight: 400;\">Shredding Systems<\/span><\/span><\/h3>\n<p>Plastic production scraps can be shredded directly on the production line for easier transport and storage. Shredding systems can be integrated into conveyors or collection bins to reduce the size of plastic production scraps.<\/p>\n<p>&nbsp;<\/p>\n<h3><span style=\"font-weight: 400; color: #7cc68d;\"><span style=\"font-weight: 400;\">Storage containers<\/span><\/span><\/h3>\n<p>Storage containers can be installed to store plastic production scraps before recycling or reuse. Containers must be clearly identified and easily accessible to facilitate collection and transport.<\/p>\n<p>&nbsp;<\/p>\n<h3><\/h3>\n<h3><span style=\"font-weight: 400; color: #7cc68d;\"><span style=\"font-weight: 400;\">Sorting and cleaning<\/span><\/span><\/h3>\n<p>Plastic production scraps must be sorted and <a href=\"https:\/\/capeco-recycling.com\/en\/washing-in-the-plastic-recycling-process\/\">cleaned<\/a> before being recycled or reused. Sorting and cleaning systems can be integrated into the production line to facilitate the process of recovering plastic production offcuts.<\/p>\n<p>It is important to note that setting up an effective <strong>plastic production offcuts collection system requires careful planning<\/strong> and collaboration between the different departments of the factory: production, maintenance, waste management and quality.<br \/>\n[\/et_pb_text][\/et_pb_column][\/et_pb_row][et_pb_row _builder_version=&#8221;4.16&#8243; _module_preset=&#8221;default&#8221; custom_padding=&#8221;2px|||||&#8221; global_colors_info=&#8221;{}&#8221;][et_pb_column type=&#8221;4_4&#8243; _builder_version=&#8221;4.16&#8243; _module_preset=&#8221;default&#8221; global_colors_info=&#8221;{}&#8221;][et_pb_text _builder_version=&#8221;4.16&#8243; _module_preset=&#8221;default&#8221; global_colors_info=&#8221;{}&#8221;]<\/p>\n<h2><\/h2>\n<h2><span style=\"font-weight: 400; color: #7cc68d;\"><span style=\"font-weight: 400;\">Using a recycling company<\/span><\/span><\/h2>\n<p>It is important to correctly carry out the stage of <a href=\"https:\/\/capeco-recycling.com\/en\/collection-and-purchase-of-plastic-materials\/\">recovering materials to be recycled<\/a>, in order to simplify their storage and save time for production.<\/p>\n<p>For the factory, the interest is to be able to dispose of these bulky items on a regular basis.<\/p>\n<p>If you are a plastics manufacturer and you want to recover your production scraps (cutting, purging, core, scrap, etc.) in an optimal manner, <a href=\"https:\/\/capeco-recycling.com\/en\/\">a recycling company<\/a> can come to your factory, advise you and provide you with the necessary containers or recovery systems , such as bins or compactors (linked to an on-line vacuum system) to limit your storage and save you valuable time.<\/p>\n<p>The company then carries out regular removal by mixed truck.<\/p>\n<p>&nbsp;<\/p>\n<h2><span style=\"font-weight: 400; color: #7cc68d;\"><span style=\"font-weight: 400;\">What plastic materials can be recycled?<\/span><\/span><\/h2>\n<p>Most types of plastics can be recycled:<\/p>\n<p>&#8211; High Density Polyethylene (HDPE)<br \/>\n&#8211; Polypropylene (PP)<br \/>\n&#8211; Polystyrene (PS)<br \/>\n&#8211; ABS<br \/>\n&#8211; Polyamide (PA)<br \/>\n&#8211; Low Density Polyethylene (LDPE)<br \/>\n&#8211; Polycarbonate (PC)<\/p>\n<p>&nbsp;<br \/>\n[\/et_pb_text][\/et_pb_column][\/et_pb_row][\/et_pb_section]<\/p>\n","protected":false},"excerpt":{"rendered":"<p>The manufacturing of products in the industrial sector generates plastic waste. It is essential that this waste and offcuts be recycled. &nbsp; The different production offcuts \u201cProduction offcuts\u201d means plastic leftovers following the manufacturing of a set of products. Here are the different forms that these falls can take.Purges This is a quantity of plastic [&hellip;]<\/p>\n","protected":false},"author":7,"featured_media":0,"parent":0,"menu_order":0,"comment_status":"closed","ping_status":"closed","template":"","meta":{"_et_pb_use_builder":"on","_et_pb_old_content":"","_et_gb_content_width":"","footnotes":""},"class_list":["post-1531","page","type-page","status-publish","hentry"],"yoast_head":"<!-- This site is optimized with the Yoast SEO plugin v27.4 - https:\/\/yoast.com\/product\/yoast-seo-wordpress\/ -->\n<title>Plastic and production offcuts: recycle them | Cap Eco Recycling<\/title>\n<meta name=\"description\" content=\"Do you have plastic production offcuts and want to recycle them? We offer you a buy-back at the best price.\" \/>\n<meta name=\"robots\" content=\"index, follow, max-snippet:-1, max-image-preview:large, max-video-preview:-1\" \/>\n<link rel=\"canonical\" href=\"https:\/\/capeco-recycling.com\/en\/how-to-recycle-industrial-plastic-offcuts\/\" \/>\n<meta property=\"og:locale\" content=\"en_US\" \/>\n<meta property=\"og:type\" content=\"article\" \/>\n<meta property=\"og:title\" content=\"Plastic and production offcuts: recycle them | Cap Eco Recycling\" \/>\n<meta property=\"og:description\" content=\"Do you have plastic production offcuts and want to recycle them? We offer you a buy-back at the best price.\" \/>\n<meta property=\"og:url\" content=\"https:\/\/capeco-recycling.com\/en\/how-to-recycle-industrial-plastic-offcuts\/\" \/>\n<meta property=\"og:site_name\" content=\"Capeco Recycling\" \/>\n<meta property=\"article:modified_time\" content=\"2023-09-27T09:45:35+00:00\" \/>\n<meta name=\"twitter:card\" content=\"summary_large_image\" \/>\n<meta name=\"twitter:label1\" content=\"Est. reading time\" \/>\n\t<meta name=\"twitter:data1\" content=\"7 minutes\" \/>\n<script type=\"application\/ld+json\" class=\"yoast-schema-graph\">{\"@context\":\"https:\\\/\\\/schema.org\",\"@graph\":[{\"@type\":\"WebPage\",\"@id\":\"https:\\\/\\\/capeco-recycling.com\\\/en\\\/how-to-recycle-industrial-plastic-offcuts\\\/\",\"url\":\"https:\\\/\\\/capeco-recycling.com\\\/en\\\/how-to-recycle-industrial-plastic-offcuts\\\/\",\"name\":\"Plastic and production offcuts: recycle them | Cap Eco Recycling\",\"isPartOf\":{\"@id\":\"https:\\\/\\\/capeco-recycling.com\\\/en\\\/#website\"},\"datePublished\":\"2023-04-24T12:15:34+00:00\",\"dateModified\":\"2023-09-27T09:45:35+00:00\",\"description\":\"Do you have plastic production offcuts and want to recycle them? We offer you a buy-back at the best price.\",\"breadcrumb\":{\"@id\":\"https:\\\/\\\/capeco-recycling.com\\\/en\\\/how-to-recycle-industrial-plastic-offcuts\\\/#breadcrumb\"},\"inLanguage\":\"en-US\",\"potentialAction\":[{\"@type\":\"ReadAction\",\"target\":[\"https:\\\/\\\/capeco-recycling.com\\\/en\\\/how-to-recycle-industrial-plastic-offcuts\\\/\"]}]},{\"@type\":\"BreadcrumbList\",\"@id\":\"https:\\\/\\\/capeco-recycling.com\\\/en\\\/how-to-recycle-industrial-plastic-offcuts\\\/#breadcrumb\",\"itemListElement\":[{\"@type\":\"ListItem\",\"position\":1,\"name\":\"Accueil\",\"item\":\"https:\\\/\\\/capeco-recycling.com\\\/en\\\/\"},{\"@type\":\"ListItem\",\"position\":2,\"name\":\"How to recycle industrial plastic offcuts?\"}]},{\"@type\":\"WebSite\",\"@id\":\"https:\\\/\\\/capeco-recycling.com\\\/en\\\/#website\",\"url\":\"https:\\\/\\\/capeco-recycling.com\\\/en\\\/\",\"name\":\"Capeco Recycling\",\"description\":\"N\u00e9gociant en mati\u00e8res plastiques et gestion globale des d\u00e9chets\",\"publisher\":{\"@id\":\"https:\\\/\\\/capeco-recycling.com\\\/en\\\/#organization\"},\"potentialAction\":[{\"@type\":\"SearchAction\",\"target\":{\"@type\":\"EntryPoint\",\"urlTemplate\":\"https:\\\/\\\/capeco-recycling.com\\\/en\\\/?s={search_term_string}\"},\"query-input\":{\"@type\":\"PropertyValueSpecification\",\"valueRequired\":true,\"valueName\":\"search_term_string\"}}],\"inLanguage\":\"en-US\"},{\"@type\":\"Organization\",\"@id\":\"https:\\\/\\\/capeco-recycling.com\\\/en\\\/#organization\",\"name\":\"Capeco Recycling\",\"url\":\"https:\\\/\\\/capeco-recycling.com\\\/en\\\/\",\"logo\":{\"@type\":\"ImageObject\",\"inLanguage\":\"en-US\",\"@id\":\"https:\\\/\\\/capeco-recycling.com\\\/en\\\/#\\\/schema\\\/logo\\\/image\\\/\",\"url\":\"https:\\\/\\\/capeco-recycling.com\\\/wp-content\\\/uploads\\\/2021\\\/09\\\/logo.png\",\"contentUrl\":\"https:\\\/\\\/capeco-recycling.com\\\/wp-content\\\/uploads\\\/2021\\\/09\\\/logo.png\",\"width\":773,\"height\":217,\"caption\":\"Capeco Recycling\"},\"image\":{\"@id\":\"https:\\\/\\\/capeco-recycling.com\\\/en\\\/#\\\/schema\\\/logo\\\/image\\\/\"}}]}<\/script>\n<!-- \/ Yoast SEO plugin. -->","yoast_head_json":{"title":"Plastic and production offcuts: recycle them | Cap Eco Recycling","description":"Do you have plastic production offcuts and want to recycle them? We offer you a buy-back at the best price.","robots":{"index":"index","follow":"follow","max-snippet":"max-snippet:-1","max-image-preview":"max-image-preview:large","max-video-preview":"max-video-preview:-1"},"canonical":"https:\/\/capeco-recycling.com\/en\/how-to-recycle-industrial-plastic-offcuts\/","og_locale":"en_US","og_type":"article","og_title":"Plastic and production offcuts: recycle them | Cap Eco Recycling","og_description":"Do you have plastic production offcuts and want to recycle them? We offer you a buy-back at the best price.","og_url":"https:\/\/capeco-recycling.com\/en\/how-to-recycle-industrial-plastic-offcuts\/","og_site_name":"Capeco Recycling","article_modified_time":"2023-09-27T09:45:35+00:00","twitter_card":"summary_large_image","twitter_misc":{"Est. reading time":"7 minutes"},"schema":{"@context":"https:\/\/schema.org","@graph":[{"@type":"WebPage","@id":"https:\/\/capeco-recycling.com\/en\/how-to-recycle-industrial-plastic-offcuts\/","url":"https:\/\/capeco-recycling.com\/en\/how-to-recycle-industrial-plastic-offcuts\/","name":"Plastic and production offcuts: recycle them | Cap Eco Recycling","isPartOf":{"@id":"https:\/\/capeco-recycling.com\/en\/#website"},"datePublished":"2023-04-24T12:15:34+00:00","dateModified":"2023-09-27T09:45:35+00:00","description":"Do you have plastic production offcuts and want to recycle them? We offer you a buy-back at the best price.","breadcrumb":{"@id":"https:\/\/capeco-recycling.com\/en\/how-to-recycle-industrial-plastic-offcuts\/#breadcrumb"},"inLanguage":"en-US","potentialAction":[{"@type":"ReadAction","target":["https:\/\/capeco-recycling.com\/en\/how-to-recycle-industrial-plastic-offcuts\/"]}]},{"@type":"BreadcrumbList","@id":"https:\/\/capeco-recycling.com\/en\/how-to-recycle-industrial-plastic-offcuts\/#breadcrumb","itemListElement":[{"@type":"ListItem","position":1,"name":"Accueil","item":"https:\/\/capeco-recycling.com\/en\/"},{"@type":"ListItem","position":2,"name":"How to recycle industrial plastic offcuts?"}]},{"@type":"WebSite","@id":"https:\/\/capeco-recycling.com\/en\/#website","url":"https:\/\/capeco-recycling.com\/en\/","name":"Capeco Recycling","description":"N\u00e9gociant en mati\u00e8res plastiques et gestion globale des d\u00e9chets","publisher":{"@id":"https:\/\/capeco-recycling.com\/en\/#organization"},"potentialAction":[{"@type":"SearchAction","target":{"@type":"EntryPoint","urlTemplate":"https:\/\/capeco-recycling.com\/en\/?s={search_term_string}"},"query-input":{"@type":"PropertyValueSpecification","valueRequired":true,"valueName":"search_term_string"}}],"inLanguage":"en-US"},{"@type":"Organization","@id":"https:\/\/capeco-recycling.com\/en\/#organization","name":"Capeco Recycling","url":"https:\/\/capeco-recycling.com\/en\/","logo":{"@type":"ImageObject","inLanguage":"en-US","@id":"https:\/\/capeco-recycling.com\/en\/#\/schema\/logo\/image\/","url":"https:\/\/capeco-recycling.com\/wp-content\/uploads\/2021\/09\/logo.png","contentUrl":"https:\/\/capeco-recycling.com\/wp-content\/uploads\/2021\/09\/logo.png","width":773,"height":217,"caption":"Capeco Recycling"},"image":{"@id":"https:\/\/capeco-recycling.com\/en\/#\/schema\/logo\/image\/"}}]}},"_links":{"self":[{"href":"https:\/\/capeco-recycling.com\/en\/wp-json\/wp\/v2\/pages\/1531","targetHints":{"allow":["GET"]}}],"collection":[{"href":"https:\/\/capeco-recycling.com\/en\/wp-json\/wp\/v2\/pages"}],"about":[{"href":"https:\/\/capeco-recycling.com\/en\/wp-json\/wp\/v2\/types\/page"}],"author":[{"embeddable":true,"href":"https:\/\/capeco-recycling.com\/en\/wp-json\/wp\/v2\/users\/7"}],"replies":[{"embeddable":true,"href":"https:\/\/capeco-recycling.com\/en\/wp-json\/wp\/v2\/comments?post=1531"}],"version-history":[{"count":2,"href":"https:\/\/capeco-recycling.com\/en\/wp-json\/wp\/v2\/pages\/1531\/revisions"}],"predecessor-version":[{"id":1533,"href":"https:\/\/capeco-recycling.com\/en\/wp-json\/wp\/v2\/pages\/1531\/revisions\/1533"}],"wp:attachment":[{"href":"https:\/\/capeco-recycling.com\/en\/wp-json\/wp\/v2\/media?parent=1531"}],"curies":[{"name":"wp","href":"https:\/\/api.w.org\/{rel}","templated":true}]}}