{"id":1525,"date":"2023-04-24T14:40:55","date_gmt":"2023-04-24T12:40:55","guid":{"rendered":"https:\/\/capeco-recycling.com\/collection-and-purchase-of-plastic-materials\/"},"modified":"2023-09-27T11:24:22","modified_gmt":"2023-09-27T09:24:22","slug":"collection-and-purchase-of-plastic-materials","status":"publish","type":"page","link":"https:\/\/capeco-recycling.com\/en\/collection-and-purchase-of-plastic-materials\/","title":{"rendered":"Collection and purchase of plastic materials"},"content":{"rendered":"<p>[et_pb_section fb_built=&#8221;1&#8243; custom_padding_last_edited=&#8221;on|tablet&#8221; disabled_on=&#8221;off|off|off&#8221; admin_label=&#8221;Header Section&#8221; module_id=&#8221;presentation&#8221; _builder_version=&#8221;4.16&#8243; use_background_color_gradient=&#8221;on&#8221; background_color_gradient_stops=&#8221;rgba(20,61,88,0.65) 0%|gcid-c2e2dee7-b8e8-4c04-af6b-387859c2f3f2 100%&#8221; background_color_gradient_overlays_image=&#8221;on&#8221; background_color_gradient_start=&#8221;rgba(20,61,88,0.65)&#8221; background_color_gradient_end=&#8221;gcid-c2e2dee7-b8e8-4c04-af6b-387859c2f3f2&#8243; background_image=&#8221;http:\/\/preprod.capeco-recycling.com\/wp-content\/uploads\/2021\/09\/font-1.jpg&#8221; custom_margin=&#8221;|||&#8221; custom_padding=&#8221;100px||100px||true|false&#8221; custom_padding_tablet=&#8221;||||false|false&#8221; custom_padding_phone=&#8221;||||false|false&#8221; top_divider_height=&#8221;102px&#8221; bottom_divider_style=&#8221;arrow3&#8243; bottom_divider_color=&#8221;gcid-c2e2dee7-b8e8-4c04-af6b-387859c2f3f2&#8243; bottom_divider_height=&#8221;64px&#8221; bottom_divider_height_tablet=&#8221;30px&#8221; bottom_divider_height_phone=&#8221;&#8221; bottom_divider_height_last_edited=&#8221;on|tablet&#8221; animation_style=&#8221;slide&#8221; animation_direction=&#8221;top&#8221; animation_intensity_slide=&#8221;4%&#8221; animation_starting_opacity=&#8221;100%&#8221; locked=&#8221;off&#8221; global_colors_info=&#8221;{%22gcid-c2e2dee7-b8e8-4c04-af6b-387859c2f3f2%22:%91%22bottom_divider_color%22%93}&#8221;][et_pb_row _builder_version=&#8221;4.16&#8243; _module_preset=&#8221;default&#8221; min_height=&#8221;85px&#8221; custom_margin=&#8221;||||false|false&#8221; custom_padding=&#8221;||||false|false&#8221; global_colors_info=&#8221;{}&#8221;][et_pb_column type=&#8221;4_4&#8243; _builder_version=&#8221;4.16&#8243; _module_preset=&#8221;default&#8221; global_colors_info=&#8221;{}&#8221;][et_pb_text admin_label=&#8221;Texte&#8221; _builder_version=&#8221;4.16&#8243; _dynamic_attributes=&#8221;content&#8221; _module_preset=&#8221;default&#8221; header_font=&#8221;|700||on|||||&#8221; header_text_align=&#8221;center&#8221; header_text_color=&#8221;#FFFFFF&#8221; header_2_text_align=&#8221;center&#8221; header_2_text_color=&#8221;#FFFFFF&#8221; header_2_text_shadow_style=&#8221;preset1&#8243; locked=&#8221;off&#8221; global_colors_info=&#8221;{}&#8221;]@ET-DC@eyJkeW5hbWljIjp0cnVlLCJjb250ZW50IjoicG9zdF90aXRsZSIsInNldHRpbmdzIjp7ImJlZm9yZSI6IjxoMT4iLCJhZnRlciI6IjxcL2gxPiJ9fQ==@[\/et_pb_text][\/et_pb_column][\/et_pb_row][\/et_pb_section][et_pb_section fb_built=&#8221;1&#8243; _builder_version=&#8221;4.16&#8243; _module_preset=&#8221;default&#8221; global_colors_info=&#8221;{}&#8221;][et_pb_row _builder_version=&#8221;4.16&#8243; _module_preset=&#8221;default&#8221; custom_padding=&#8221;1px|||||&#8221; global_colors_info=&#8221;{}&#8221;][et_pb_column type=&#8221;4_4&#8243; _builder_version=&#8221;4.16&#8243; _module_preset=&#8221;default&#8221; global_colors_info=&#8221;{}&#8221;][et_pb_text _builder_version=&#8221;4.16&#8243; _module_preset=&#8221;default&#8221; global_colors_info=&#8221;{}&#8221;]<\/p>\n<p><span style=\"font-weight: 400;\">In the BtoB sector, the buy back of plastic materials is a common practice to limit the impact of plastic manufacturing. In Europe, there are legal recycling obligations which vary depending on the country, they are defined within the European waste legislation.<\/span><\/p>\n<p>[\/et_pb_text][et_pb_text _builder_version=&#8221;4.16&#8243; _module_preset=&#8221;default&#8221; global_colors_info=&#8221;{}&#8221;]<\/p>\n<h2><span style=\"font-weight: 400; color: #7cc68d;\">Why use a recycling company to collect your plastic waste?<\/span><\/h2>\n<p><span style=\"font-weight: 400;\">There are several reasons why an industrial company can call on a recycling company for its production scraps and other end-of-life containers:<\/span><\/p>\n<p>[\/et_pb_text][\/et_pb_column][\/et_pb_row][et_pb_row column_structure=&#8221;1_2,1_2&#8243; _builder_version=&#8221;4.16&#8243; _module_preset=&#8221;default&#8221; custom_padding=&#8221;||2px|||&#8221; global_colors_info=&#8221;{}&#8221;][et_pb_column type=&#8221;1_2&#8243; _builder_version=&#8221;4.16&#8243; _module_preset=&#8221;default&#8221; global_colors_info=&#8221;{}&#8221;][et_pb_text _builder_version=&#8221;4.16&#8243; _module_preset=&#8221;default&#8221; global_colors_info=&#8221;{}&#8221;]<\/p>\n<h3><span style=\"font-weight: 400; color: #7cc68d;\"><span style=\"font-weight: 400;\">Transform your waste into euros<\/span><\/span><\/h3>\n<p><span style=\"font-weight: 400;\">Recycling can be a source of revenue for businesses. <a href=\"https:\/\/capeco-recycling.com\/en\/how-to-recycle-industrial-plastic-offcuts\/\">Plastic production offcuts<\/a> can be sold for processing into secondary raw materials. <\/span><\/p>\n<p>[\/et_pb_text][et_pb_text _builder_version=&#8221;4.16&#8243; _module_preset=&#8221;default&#8221; global_colors_info=&#8221;{}&#8221;]<\/p>\n<h3><span style=\"font-weight: 400; color: #7cc68d;\"><span style=\"font-weight: 400;\">Improve your environmental performance<\/span><\/span><\/h3>\n<p><span style=\"font-weight: 400;\">Recycling plastic materials helps to protect the environment by reducing the consumption of raw materials and reducing greenhouse gas emissions linked to the production of new raw materials.<\/span><\/p>\n<p>[\/et_pb_text][\/et_pb_column][et_pb_column type=&#8221;1_2&#8243; _builder_version=&#8221;4.16&#8243; _module_preset=&#8221;default&#8221; global_colors_info=&#8221;{}&#8221;][et_pb_text _builder_version=&#8221;4.16&#8243; _module_preset=&#8221;default&#8221; custom_padding=&#8221;||16px|||&#8221; global_colors_info=&#8221;{}&#8221;]<\/p>\n<h3><span style=\"font-weight: 400; color: #7cc68d;\"><span style=\"font-weight: 400;\">Reduce your waste management costs<\/span><\/span><\/h3>\n<p><span style=\"font-weight: 400;\">Recycling can help reduce costs associated with waste management, by reducing the cost of transporting and storing plastic waste.<\/span><\/p>\n<p>[\/et_pb_text][et_pb_text _builder_version=&#8221;4.16&#8243; _module_preset=&#8221;default&#8221; global_colors_info=&#8221;{}&#8221;]<\/p>\n<h3><span style=\"font-weight: 400; color: #7cc68d;\"><span style=\"font-weight: 400;\">Respect the regulations<\/span><\/span><\/h3>\n<p><span style=\"font-weight: 400;\">For example, the European Directive on Packaging and Packaging Waste (<a href=\"https:\/\/aida.ineris.fr\/reglementation\/directive-ndeg-9462ce-201294-relative-emballages-dechets-demballages\" target=\"_blank\" rel=\"noopener\">Directive 94\/62\/EC<\/a>) sets recycling targets for plastic packaging in all EU member states. The directive states that by 2025, at least 50% of plastic packaging waste must be recycled, and by 2030, at least 55%. <\/span><\/p>\n<p>[\/et_pb_text][\/et_pb_column][\/et_pb_row][et_pb_row column_structure=&#8221;1_2,1_2&#8243; _builder_version=&#8221;4.16&#8243; _module_preset=&#8221;default&#8221; min_height=&#8221;146.4px&#8221; global_colors_info=&#8221;{}&#8221;][et_pb_column type=&#8221;1_2&#8243; _builder_version=&#8221;4.16&#8243; _module_preset=&#8221;default&#8221; global_colors_info=&#8221;{}&#8221;][et_pb_image src=&#8221;https:\/\/capeco-recycling.com\/wp-content\/uploads\/2023\/04\/workers-work-recycle-waste-recycling-analyst-looking-recycling-waste-proceed-process.jpg&#8221; alt=&#8221;Plastic buyback&#8221; _builder_version=&#8221;4.16&#8243; _module_preset=&#8221;default&#8221; global_colors_info=&#8221;{}&#8221;][\/et_pb_image][\/et_pb_column][et_pb_column type=&#8221;1_2&#8243; _builder_version=&#8221;4.16&#8243; _module_preset=&#8221;default&#8221; global_colors_info=&#8221;{}&#8221;][et_pb_text _builder_version=&#8221;4.16&#8243; _module_preset=&#8221;default&#8221; global_colors_info=&#8221;{}&#8221;]<\/p>\n<p><span style=\"font-weight: 400;\">Some companies may also be subject to specific recycling obligations under specific national regulations. <\/span><\/p>\n<p><span style=\"font-weight: 400;\"><\/span><\/p>\n<p><span style=\"font-weight: 400;\">For example, in some EU countries, <a href=\"https:\/\/capeco-recycling.com\/en\/recycling-plastic-packaging-how-does-it-work\/\">packaging<\/a> producers and importers are required to collect, sort and treat the packaging waste they put on the market\u2026<\/span><\/p>\n<p>[\/et_pb_text][\/et_pb_column][\/et_pb_row][et_pb_row _builder_version=&#8221;4.16&#8243; _module_preset=&#8221;default&#8221; global_colors_info=&#8221;{}&#8221;][et_pb_column type=&#8221;4_4&#8243; _builder_version=&#8221;4.16&#8243; _module_preset=&#8221;default&#8221; global_colors_info=&#8221;{}&#8221;][et_pb_text _builder_version=&#8221;4.16&#8243; _module_preset=&#8221;default&#8221; global_colors_info=&#8221;{}&#8221;]<\/p>\n<h2><span style=\"font-weight: 400; color: #7cc68d;\">Corporate waste collection<\/span><\/h2>\n<p><span style=\"font-weight: 400;\">Companies are responsible for managing their own waste. Plastic waste is one of the most common types of waste generated by businesses, and finding collection solutions to reduce it is essential. <\/span><\/p>\n<p><span style=\"font-weight: 400;\">There are several plastic waste collection solutions suitable for businesses. <\/span><\/p>\n<p><span style=\"font-weight: 400;\">For example, depending on their size, volume of plastic, and mode of operation :<\/span><\/p>\n<ul>\n<li style=\"font-weight: 400;\" aria-level=\"1\"><span style=\"font-weight: 400;\"><strong>Set up selective sorting:<\/strong> plastic waste can be sorted at source, that is to say directly on the company&#8217;s premises. The different types of plastic waste can be collected in dedicated selective sorting bins.<\/span><\/li>\n<li style=\"font-weight: 400;\" aria-level=\"1\"><span style=\"font-weight: 400;\"><strong>Use a specialized service provider<\/strong>: companies specializing in waste collection can be contacted to collect plastic waste in businesses. These service providers can offer collection bins adapted to the needs of the company, as well as regular collection solutions.<\/span><\/li>\n<li style=\"font-weight: 400;\" aria-level=\"1\"><span style=\"font-weight: 400;\"><strong>Use external collection points<\/strong> : external collection points, such as collection points in shopping centers or recycling centers.<\/span><\/li>\n<\/ul>\n<p>&nbsp;<\/p>\n<h2><span style=\"font-weight: 400; color: #7cc68d;\">Plastic buy-back by a specialist company<\/span><\/h2>\n<p><span style=\"font-weight: 400;\"><a href=\"https:\/\/capeco-recycling.com\/en\/\">A recycling company<\/a> can collect plastics that have become unusable (end of life, manufacturing scraps, packaging, etc.) on site at the company.<\/span><span style=\"font-weight: 400;\">The terms and conditions for purchasing plastic materials from a company may vary depending on the specialized company chosen and the types of plastic waste produced. <\/span> <\/p>\n<p><span style=\"font-weight: 400;\"><strong>In general, the buy back of plastic materials is done on the basis of a price per kilo<\/strong>, which can vary depending on the quality and quantity of waste.<\/span><\/p>\n<p><span style=\"font-weight: 400;\">Here are examples of sectors of activity concerned:<\/span><\/p>\n<p>[\/et_pb_text][\/et_pb_column][\/et_pb_row][et_pb_row column_structure=&#8221;1_2,1_2&#8243; _builder_version=&#8221;4.16&#8243; _module_preset=&#8221;default&#8221; global_colors_info=&#8221;{}&#8221;][et_pb_column type=&#8221;1_2&#8243; _builder_version=&#8221;4.16&#8243; _module_preset=&#8221;default&#8221; global_colors_info=&#8221;{}&#8221;][et_pb_text _builder_version=&#8221;4.16&#8243; _module_preset=&#8221;default&#8221; global_colors_info=&#8221;{}&#8221;]<\/p>\n<h3><span style=\"font-weight: 400; color: #7cc68d;\"><span style=\"font-weight: 400;\">Industry<\/span><\/span><\/h3>\n<p><span style=\"font-weight: 400;\">For example, for the food, pharmaceutical, cosmetics, electronics or packaging industries, plastic waste can be numerous. <\/span><span style=\"font-weight: 400;\">Collection may concern handling containers, packaging, plastic pallets, packaging and films, dividers, boxes and seals, etc.<\/span><\/p>\n<p>[\/et_pb_text][et_pb_text _builder_version=&#8221;4.16&#8243; _module_preset=&#8221;default&#8221; global_colors_info=&#8221;{}&#8221;]<\/p>\n<h3><span style=\"font-weight: 400; color: #7cc68d;\"><span style=\"font-weight: 400;\">Plasturgy<\/span><\/span><\/h3>\n<p><span style=\"font-weight: 400;\">In the field of plastics processing, many end-of-life or unusable plastic elements are recycled: purges, sprues, reels, balls, parts, skeletons, crushed, declassified.<\/span><\/p>\n<p>[\/et_pb_text][\/et_pb_column][et_pb_column type=&#8221;1_2&#8243; _builder_version=&#8221;4.16&#8243; _module_preset=&#8221;default&#8221; global_colors_info=&#8221;{}&#8221;][et_pb_text _builder_version=&#8221;4.16&#8243; _module_preset=&#8221;default&#8221; global_colors_info=&#8221;{}&#8221;]<\/p>\n<h3><span style=\"font-weight: 400; color: #7cc68d;\"><span style=\"font-weight: 400;\">Logistics<\/span><\/span><\/h3>\n<p><span style=\"font-weight: 400;\">For distribution centers, logistics platforms, M.I.N., companies carrying out co-packing (custom packaging) or consolidation-unconsolidation.<\/span><\/p>\n<p><span style=\"font-weight: 400;\">This may involve recycling pallets, packaging, films, dividers, boxes and seals.<\/span><\/p>\n<p>[\/et_pb_text][et_pb_text _builder_version=&#8221;4.16&#8243; _module_preset=&#8221;default&#8221; hover_enabled=&#8221;0&#8243; global_colors_info=&#8221;{}&#8221; sticky_enabled=&#8221;0&#8243;]<\/p>\n<h3><span style=\"font-weight: 400; color: #7cc68d;\"><span style=\"font-weight: 400;\">Communities<\/span><\/span><\/h3>\n<p><span style=\"font-weight: 400;\">Cities, municipalities and departments have needs regarding the collection of their bulky items such as household waste bins or voluntary drop-off columns.<\/span><\/p>\n<p>[\/et_pb_text][\/et_pb_column][\/et_pb_row][et_pb_row _builder_version=&#8221;4.16&#8243; _module_preset=&#8221;default&#8221; global_colors_info=&#8221;{}&#8221;][et_pb_column type=&#8221;4_4&#8243; _builder_version=&#8221;4.16&#8243; _module_preset=&#8221;default&#8221; global_colors_info=&#8221;{}&#8221;][et_pb_text admin_label=&#8221;Texte&#8221; _builder_version=&#8221;4.16&#8243; _module_preset=&#8221;default&#8221; global_colors_info=&#8221;{}&#8221;]<\/p>\n<p><span style=\"font-weight: 400;\">All businesses may need to use a specialist plastic recycling company to collect their plastic waste, but this depends on several factors, such as the amount of waste produced, the nature of the waste, the logistical means available to the company. company to collect and store waste, etc.<\/span><\/p>\n<p>[\/et_pb_text][\/et_pb_column][\/et_pb_row][\/et_pb_section]<\/p>\n","protected":false},"excerpt":{"rendered":"<p>In the BtoB sector, the buy back of plastic materials is a common practice to limit the impact of plastic manufacturing. In Europe, there are legal recycling obligations which vary depending on the country, they are defined within the European waste legislation.Why use a recycling company to collect your plastic waste? There are several reasons [&hellip;]<\/p>\n","protected":false},"author":7,"featured_media":0,"parent":0,"menu_order":0,"comment_status":"closed","ping_status":"closed","template":"","meta":{"_et_pb_use_builder":"on","_et_pb_old_content":"","_et_gb_content_width":"","footnotes":""},"class_list":["post-1525","page","type-page","status-publish","hentry"],"yoast_head":"<!-- This site is optimized with the Yoast SEO plugin v27.2 - https:\/\/yoast.com\/product\/yoast-seo-wordpress\/ -->\n<title>Plastic purchase: BtoB waste collection - CAP ECO Recycling<\/title>\n<meta name=\"description\" content=\"How do you buy back your plastics for recycling? Find out all about BtoB waste collection.\" \/>\n<meta name=\"robots\" content=\"index, follow, max-snippet:-1, max-image-preview:large, max-video-preview:-1\" \/>\n<link rel=\"canonical\" href=\"https:\/\/capeco-recycling.com\/en\/collection-and-purchase-of-plastic-materials\/\" \/>\n<meta property=\"og:locale\" content=\"en_US\" \/>\n<meta property=\"og:type\" content=\"article\" \/>\n<meta property=\"og:title\" content=\"Plastic purchase: BtoB waste collection - CAP ECO Recycling\" \/>\n<meta property=\"og:description\" content=\"How do you buy back your plastics for recycling? Find out all about BtoB waste collection.\" \/>\n<meta property=\"og:url\" content=\"https:\/\/capeco-recycling.com\/en\/collection-and-purchase-of-plastic-materials\/\" \/>\n<meta property=\"og:site_name\" content=\"Capeco Recycling\" \/>\n<meta property=\"article:modified_time\" content=\"2023-09-27T09:24:22+00:00\" \/>\n<meta name=\"twitter:card\" content=\"summary_large_image\" \/>\n<meta name=\"twitter:label1\" content=\"Est. reading time\" \/>\n\t<meta name=\"twitter:data1\" content=\"7 minutes\" \/>\n<script type=\"application\/ld+json\" class=\"yoast-schema-graph\">{\"@context\":\"https:\/\/schema.org\",\"@graph\":[{\"@type\":\"WebPage\",\"@id\":\"https:\/\/capeco-recycling.com\/en\/collection-and-purchase-of-plastic-materials\/\",\"url\":\"https:\/\/capeco-recycling.com\/en\/collection-and-purchase-of-plastic-materials\/\",\"name\":\"Plastic purchase: BtoB waste collection - CAP ECO Recycling\",\"isPartOf\":{\"@id\":\"https:\/\/capeco-recycling.com\/en\/#website\"},\"datePublished\":\"2023-04-24T12:40:55+00:00\",\"dateModified\":\"2023-09-27T09:24:22+00:00\",\"description\":\"How do you buy back your plastics for recycling? Find out all about BtoB waste collection.\",\"breadcrumb\":{\"@id\":\"https:\/\/capeco-recycling.com\/en\/collection-and-purchase-of-plastic-materials\/#breadcrumb\"},\"inLanguage\":\"en-US\",\"potentialAction\":[{\"@type\":\"ReadAction\",\"target\":[\"https:\/\/capeco-recycling.com\/en\/collection-and-purchase-of-plastic-materials\/\"]}]},{\"@type\":\"BreadcrumbList\",\"@id\":\"https:\/\/capeco-recycling.com\/en\/collection-and-purchase-of-plastic-materials\/#breadcrumb\",\"itemListElement\":[{\"@type\":\"ListItem\",\"position\":1,\"name\":\"Accueil\",\"item\":\"https:\/\/capeco-recycling.com\/en\/\"},{\"@type\":\"ListItem\",\"position\":2,\"name\":\"Collection and purchase of plastic materials\"}]},{\"@type\":\"WebSite\",\"@id\":\"https:\/\/capeco-recycling.com\/en\/#website\",\"url\":\"https:\/\/capeco-recycling.com\/en\/\",\"name\":\"Capeco Recycling\",\"description\":\"N\u00e9gociant en mati\u00e8res plastiques et gestion globale des d\u00e9chets\",\"publisher\":{\"@id\":\"https:\/\/capeco-recycling.com\/en\/#organization\"},\"potentialAction\":[{\"@type\":\"SearchAction\",\"target\":{\"@type\":\"EntryPoint\",\"urlTemplate\":\"https:\/\/capeco-recycling.com\/en\/?s={search_term_string}\"},\"query-input\":{\"@type\":\"PropertyValueSpecification\",\"valueRequired\":true,\"valueName\":\"search_term_string\"}}],\"inLanguage\":\"en-US\"},{\"@type\":\"Organization\",\"@id\":\"https:\/\/capeco-recycling.com\/en\/#organization\",\"name\":\"Capeco Recycling\",\"url\":\"https:\/\/capeco-recycling.com\/en\/\",\"logo\":{\"@type\":\"ImageObject\",\"inLanguage\":\"en-US\",\"@id\":\"https:\/\/capeco-recycling.com\/en\/#\/schema\/logo\/image\/\",\"url\":\"https:\/\/capeco-recycling.com\/wp-content\/uploads\/2021\/09\/logo.png\",\"contentUrl\":\"https:\/\/capeco-recycling.com\/wp-content\/uploads\/2021\/09\/logo.png\",\"width\":773,\"height\":217,\"caption\":\"Capeco Recycling\"},\"image\":{\"@id\":\"https:\/\/capeco-recycling.com\/en\/#\/schema\/logo\/image\/\"}}]}<\/script>\n<!-- \/ Yoast SEO plugin. -->","yoast_head_json":{"title":"Plastic purchase: BtoB waste collection - CAP ECO Recycling","description":"How do you buy back your plastics for recycling? Find out all about BtoB waste collection.","robots":{"index":"index","follow":"follow","max-snippet":"max-snippet:-1","max-image-preview":"max-image-preview:large","max-video-preview":"max-video-preview:-1"},"canonical":"https:\/\/capeco-recycling.com\/en\/collection-and-purchase-of-plastic-materials\/","og_locale":"en_US","og_type":"article","og_title":"Plastic purchase: BtoB waste collection - CAP ECO Recycling","og_description":"How do you buy back your plastics for recycling? Find out all about BtoB waste collection.","og_url":"https:\/\/capeco-recycling.com\/en\/collection-and-purchase-of-plastic-materials\/","og_site_name":"Capeco Recycling","article_modified_time":"2023-09-27T09:24:22+00:00","twitter_card":"summary_large_image","twitter_misc":{"Est. reading time":"7 minutes"},"schema":{"@context":"https:\/\/schema.org","@graph":[{"@type":"WebPage","@id":"https:\/\/capeco-recycling.com\/en\/collection-and-purchase-of-plastic-materials\/","url":"https:\/\/capeco-recycling.com\/en\/collection-and-purchase-of-plastic-materials\/","name":"Plastic purchase: BtoB waste collection - CAP ECO Recycling","isPartOf":{"@id":"https:\/\/capeco-recycling.com\/en\/#website"},"datePublished":"2023-04-24T12:40:55+00:00","dateModified":"2023-09-27T09:24:22+00:00","description":"How do you buy back your plastics for recycling? Find out all about BtoB waste collection.","breadcrumb":{"@id":"https:\/\/capeco-recycling.com\/en\/collection-and-purchase-of-plastic-materials\/#breadcrumb"},"inLanguage":"en-US","potentialAction":[{"@type":"ReadAction","target":["https:\/\/capeco-recycling.com\/en\/collection-and-purchase-of-plastic-materials\/"]}]},{"@type":"BreadcrumbList","@id":"https:\/\/capeco-recycling.com\/en\/collection-and-purchase-of-plastic-materials\/#breadcrumb","itemListElement":[{"@type":"ListItem","position":1,"name":"Accueil","item":"https:\/\/capeco-recycling.com\/en\/"},{"@type":"ListItem","position":2,"name":"Collection and purchase of plastic materials"}]},{"@type":"WebSite","@id":"https:\/\/capeco-recycling.com\/en\/#website","url":"https:\/\/capeco-recycling.com\/en\/","name":"Capeco Recycling","description":"N\u00e9gociant en mati\u00e8res plastiques et gestion globale des d\u00e9chets","publisher":{"@id":"https:\/\/capeco-recycling.com\/en\/#organization"},"potentialAction":[{"@type":"SearchAction","target":{"@type":"EntryPoint","urlTemplate":"https:\/\/capeco-recycling.com\/en\/?s={search_term_string}"},"query-input":{"@type":"PropertyValueSpecification","valueRequired":true,"valueName":"search_term_string"}}],"inLanguage":"en-US"},{"@type":"Organization","@id":"https:\/\/capeco-recycling.com\/en\/#organization","name":"Capeco Recycling","url":"https:\/\/capeco-recycling.com\/en\/","logo":{"@type":"ImageObject","inLanguage":"en-US","@id":"https:\/\/capeco-recycling.com\/en\/#\/schema\/logo\/image\/","url":"https:\/\/capeco-recycling.com\/wp-content\/uploads\/2021\/09\/logo.png","contentUrl":"https:\/\/capeco-recycling.com\/wp-content\/uploads\/2021\/09\/logo.png","width":773,"height":217,"caption":"Capeco Recycling"},"image":{"@id":"https:\/\/capeco-recycling.com\/en\/#\/schema\/logo\/image\/"}}]}},"_links":{"self":[{"href":"https:\/\/capeco-recycling.com\/en\/wp-json\/wp\/v2\/pages\/1525","targetHints":{"allow":["GET"]}}],"collection":[{"href":"https:\/\/capeco-recycling.com\/en\/wp-json\/wp\/v2\/pages"}],"about":[{"href":"https:\/\/capeco-recycling.com\/en\/wp-json\/wp\/v2\/types\/page"}],"author":[{"embeddable":true,"href":"https:\/\/capeco-recycling.com\/en\/wp-json\/wp\/v2\/users\/7"}],"replies":[{"embeddable":true,"href":"https:\/\/capeco-recycling.com\/en\/wp-json\/wp\/v2\/comments?post=1525"}],"version-history":[{"count":5,"href":"https:\/\/capeco-recycling.com\/en\/wp-json\/wp\/v2\/pages\/1525\/revisions"}],"predecessor-version":[{"id":1530,"href":"https:\/\/capeco-recycling.com\/en\/wp-json\/wp\/v2\/pages\/1525\/revisions\/1530"}],"wp:attachment":[{"href":"https:\/\/capeco-recycling.com\/en\/wp-json\/wp\/v2\/media?parent=1525"}],"curies":[{"name":"wp","href":"https:\/\/api.w.org\/{rel}","templated":true}]}}